{"id":1002,"date":"2017-02-10T07:56:25","date_gmt":"2017-02-10T07:56:25","guid":{"rendered":"https:\/\/fleximmobf.com\/?page_id=1002"},"modified":"2023-08-14T18:05:18","modified_gmt":"2023-08-14T18:05:18","slug":"about-us","status":"publish","type":"page","link":"https:\/\/fleximmobf.com\/en\/about-us\/","title":{"rendered":"\u00c0 propos de nous"},"content":{"rendered":"<div data-elementor-type=\"wp-page\" data-elementor-id=\"1002\" class=\"elementor elementor-1002\" data-elementor-post-type=\"page\">\n\t\t\t\t\t\t<section class=\"elementor-section elementor-top-section elementor-element elementor-element-6243cbb4c562f elementor-section-boxed elementor-section-height-default elementor-section-height-default\" data-id=\"6243cbb4c562f\" data-element_type=\"section\">\n\t\t\t\t\t\t<div class=\"elementor-container elementor-column-gap-default\">\n\t\t\t\t\t<div class=\"elementor-column elementor-col-50 elementor-top-column elementor-element elementor-element-f7911ad\" data-id=\"f7911ad\" data-element_type=\"column\">\n\t\t\t<div class=\"elementor-widget-wrap elementor-element-populated\">\n\t\t\t\t\t\t<div class=\"elementor-element elementor-element-315cb6b elementor-widget elementor-widget-ube-heading\" data-id=\"315cb6b\" data-element_type=\"widget\" data-widget_type=\"ube-heading.default\">\n\t\t\t\t<div class=\"elementor-widget-container\">\n\t\t\t\t\t<div class=\"ube-heading\">\n\t<h2 class=\"ube-heading-title\">Bienvenue chez <mark>FLEX Immobiliers<\/mark><\/h2><div class=\"ube-heading-description\"><p>votre partenaire de confiance pour toutes vos transactions<br \/>immobili\u00e8res \u00e0 Ouagadougou, Burkina Faso. Que vous cherchiez \u00e0 acheter, vendre ou louer une<br \/>propri\u00e9t\u00e9, notre \u00e9quipe d'experts d\u00e9vou\u00e9s est l\u00e0 pour vous accompagner tout au long du processus.<br \/>D\u00e9couvrez comment nous pouvons vous aider \u00e0 r\u00e9aliser vos r\u00eaves immobiliers.<\/p><\/div><\/div>\t\t\t\t<\/div>\n\t\t\t\t<\/div>\n\t\t\t\t<div class=\"elementor-element elementor-element-c7fc914 elementor-widget elementor-widget-ube-heading\" data-id=\"c7fc914\" data-element_type=\"widget\" data-widget_type=\"ube-heading.default\">\n\t\t\t\t<div class=\"elementor-widget-container\">\n\t\t\t\t\t<div class=\"ube-heading\">\n\t<h2 class=\"ube-heading-title\">Contactez-nous d\u00e8s aujourd'hui !<\/h2><div class=\"ube-heading-description\"><p>Quel que soit votre projet immobilier \u00e0 Ouagadougou, l'\u00e9quipe de FLEX Immobilier est pr\u00eate \u00e0 vous<br \/>aider \u00e0 r\u00e9aliser vos objectifs. Contactez-nous d\u00e8s maintenant pour planifier une consultation<br \/>personnalis\u00e9e et d\u00e9couvrez comment nous pouvons vous accompagner tout au long de votre<br \/>parcours immobilier. Nous sommes impatients de vous aider \u00e0 trouver la maison de vos r\u00eaves !<\/p><\/div><\/div>\t\t\t\t<\/div>\n\t\t\t\t<\/div>\n\t\t\t\t<div class=\"elementor-element elementor-element-e43e7cc elementor-widget elementor-widget-ube-heading\" data-id=\"e43e7cc\" data-element_type=\"widget\" data-widget_type=\"ube-heading.default\">\n\t\t\t\t<div class=\"elementor-widget-container\">\n\t\t\t\t\t<div class=\"ube-heading\">\n\t<h2 class=\"ube-heading-title\">Transparence<\/h2><div class=\"ube-heading-description\"><p>Nous croyons en la transparence et en l'int\u00e9grit\u00e9 dans toutes nos transactions. Notre processus est<br \/>con\u00e7u pour \u00eatre simple et sans souci, garantissant une exp\u00e9rience agr\u00e9able pour nos clients. Que<br \/>vous soyez un acheteur, un vendeur ou un locataire, nous nous engageons \u00e0 vous fournir un service<br \/>de qualit\u00e9 sup\u00e9rieure tout au long du processus.<\/p><\/div><\/div>\t\t\t\t<\/div>\n\t\t\t\t<\/div>\n\t\t\t\t<div class=\"elementor-element elementor-element-16ef0fb elementor-widget elementor-widget-ube-heading\" data-id=\"16ef0fb\" data-element_type=\"widget\" data-widget_type=\"ube-heading.default\">\n\t\t\t\t<div class=\"elementor-widget-container\">\n\t\t\t\t\t<div class=\"ube-heading\">\n\t<h2 class=\"ube-heading-title\">Promouvoir votre propri\u00e9t\u00e9 avec nous<\/h2><div class=\"ube-heading-description\"><p>Si vous \u00eates propri\u00e9taire et que vous souhaitez vendre ou louer votre bien immobilier \u00e0<br \/>Ouagadougou, faites-nous confiance pour le promouvoir efficacement. Nous utilisons les derni\u00e8res<br \/>techniques de marketing digital et notre r\u00e9seau \u00e9tendu pour atteindre les acheteurs potentiels et les<br \/>locataires qualifi\u00e9s.<\/p><\/div><\/div>\t\t\t\t<\/div>\n\t\t\t\t<\/div>\n\t\t\t\t\t<\/div>\n\t\t<\/div>\n\t\t\t\t<div class=\"elementor-column elementor-col-50 elementor-top-column elementor-element elementor-element-94a55a8\" data-id=\"94a55a8\" data-element_type=\"column\">\n\t\t\t<div class=\"elementor-widget-wrap elementor-element-populated\">\n\t\t\t\t\t\t<div class=\"elementor-element elementor-element-51b666b elementor-widget elementor-widget-image\" data-id=\"51b666b\" data-element_type=\"widget\" data-widget_type=\"image.default\">\n\t\t\t\t<div class=\"elementor-widget-container\">\n\t\t\t\t\t\t\t\t\t\t\t\t\t\t\t<img fetchpriority=\"high\" decoding=\"async\" width=\"568\" height=\"667\" src=\"https:\/\/fleximmobf.com\/wp-content\/uploads\/2016\/12\/background-image-04.png\" class=\"attachment-full size-full wp-image-180\" alt=\"\" srcset=\"https:\/\/fleximmobf.com\/wp-content\/uploads\/2016\/12\/background-image-04.png 568w, https:\/\/fleximmobf.com\/wp-content\/uploads\/2016\/12\/background-image-04-255x300.png 255w, https:\/\/fleximmobf.com\/wp-content\/uploads\/2016\/12\/background-image-04-10x12.png 10w\" sizes=\"(max-width: 568px) 100vw, 568px\" \/>\t\t\t\t\t\t\t\t\t\t\t\t\t\t\t<\/div>\n\t\t\t\t<\/div>\n\t\t\t\t<div class=\"elementor-element elementor-element-ca14c9a elementor-widget elementor-widget-ube-heading\" data-id=\"ca14c9a\" data-element_type=\"widget\" data-widget_type=\"ube-heading.default\">\n\t\t\t\t<div class=\"elementor-widget-container\">\n\t\t\t\t\t<div class=\"ube-heading\">\n\t<h2 class=\"ube-heading-title\">*Contactez-nous d\u00e8s aujourd'hui*<\/h2><div class=\"ube-heading-description\"><p>Que vous soyez \u00e0 la recherche d'une maison pour votre famille, d'un appartement pour vous installer<br \/>ou d'un investissement immobilier, FLEX Immobilier est votre partenaire de choix \u00e0 Ouagadougou.<br \/>Contactez-nous d\u00e8s aujourd'hui pour commencer votre recherche de la propri\u00e9t\u00e9 de vos r\u00eaves ou<br \/>pour discuter de vos besoins en mati\u00e8re de vente ou de location. Nous sommes impatients de vous<br \/>aider \u00e0 r\u00e9aliser vos projets immobiliers avec succ\u00e8s<\/p><\/div><\/div>\t\t\t\t<\/div>\n\t\t\t\t<\/div>\n\t\t\t\t\t<\/div>\n\t\t<\/div>\n\t\t\t\t\t<\/div>\n\t\t<\/section>\n\t\t\t\t<section class=\"elementor-section elementor-top-section elementor-element elementor-element-64da49f6e861d elementor-section-boxed elementor-section-height-default elementor-section-height-default\" data-id=\"64da49f6e861d\" data-element_type=\"section\" data-settings=\"{&quot;background_background&quot;:&quot;slideshow&quot;,&quot;background_slideshow_gallery&quot;:[{&quot;id&quot;:689,&quot;url&quot;:&quot;https:\\\/\\\/fleximmobf.com\\\/wp-content\\\/uploads\\\/2017\\\/01\\\/background-01.jpg&quot;}],&quot;background_slideshow_loop&quot;:&quot;yes&quot;,&quot;background_slideshow_slide_duration&quot;:5000,&quot;background_slideshow_slide_transition&quot;:&quot;fade&quot;,&quot;background_slideshow_transition_duration&quot;:500}\">\n\t\t\t\t\t\t<div class=\"elementor-container elementor-column-gap-default\">\n\t\t\t\t\t<div class=\"elementor-column elementor-col-100 elementor-top-column elementor-element elementor-element-9540748\" data-id=\"9540748\" data-element_type=\"column\">\n\t\t\t<div class=\"elementor-widget-wrap elementor-element-populated\">\n\t\t\t\t\t\t<div class=\"elementor-element elementor-element-d915b2a elementor-align-center elementor-widget elementor-widget-ube-heading\" data-id=\"d915b2a\" data-element_type=\"widget\" data-widget_type=\"ube-heading.default\">\n\t\t\t\t<div class=\"elementor-widget-container\">\n\t\t\t\t\t<div class=\"ube-heading ube-heading-divider-after\">\n\t<h6 class=\"ube-heading-sub-title\" ><span class=\"icon icon-center\"><\/span>Trouvez votre maison de r\u00eave d\u00e8s aujourd'hui !<\/h6><h2 class=\"ube-heading-title\">Pourquoi choisir FLEX Immobiliers ?<\/h2><div class=\"ube-heading-divider\"><\/div><\/div>\t\t\t\t<\/div>\n\t\t\t\t<\/div>\n\t\t\t\t<div class=\"elementor-element elementor-element-1f57dab elementor-grid-tablet-2 elementor-grid-mobile-1 elementor-grid-4 elementor-widget elementor-widget-beyot-process\" data-id=\"1f57dab\" data-element_type=\"widget\" data-widget_type=\"beyot-process.default\">\n\t\t\t\t<div class=\"elementor-widget-container\">\n\t\t\t\t\t\t\t<div class=\"elementor-grid ube-process\">\n\t\t\t\t\t\t\t\t\t\t\t<div class=\"elementor-grid-item elementor-repeater-item-5cae895\">\n\t\t\t\t\n\n<div class=\"ube-process-item g5plus-process\">\n\t<span>1<\/span><h2>Une expertise locale in\u00e9gal\u00e9e<\/h2><div class=\"process-desc\"><p>Avec une connaissance approfondie du march\u00e9 immobilier \u00e0<br \/>Ouagadougou, notre \u00e9quipe est \u00e0 m\u00eame de vous offrir des conseils avis\u00e9s pour des d\u00e9cisions<br \/>\u00e9clair\u00e9es.<\/p><\/div><\/div>\n\t\t\t<\/div>\n\t\t\t\t\t\t\t\t<div class=\"elementor-grid-item elementor-repeater-item-8e620b9\">\n\t\t\t\t\n\n<div class=\"ube-process-item g5plus-process\">\n\t<span>2<\/span><h2>Large portefeuille de propri\u00e9t\u00e9s<\/h2><div class=\"process-desc\"><p>Que vous cherchiez une maison spacieuse, un appartement<br \/>moderne ou un terrain pour construire, nous avons un vaste choix de propri\u00e9t\u00e9s adapt\u00e9es \u00e0 vos<br \/>besoins et votre budget.<\/p><\/div><\/div>\n\t\t\t<\/div>\n\t\t\t\t\t\t\t\t<div class=\"elementor-grid-item elementor-repeater-item-ad1566f\">\n\t\t\t\t\n\n<div class=\"ube-process-item g5plus-process\">\n\t<span>3<\/span><h2>Accompagnement personnalis\u00e9<\/h2><div class=\"process-desc\"><p>Nous comprenons que chaque client est unique, c'est pourquoi<br \/>nous nous engageons \u00e0 fournir un service sur mesure, en mettant vos besoins et vos pr\u00e9f\u00e9rences au<br \/>c\u0153ur de nos recommandations.<\/p><\/div><\/div>\n\t\t\t<\/div>\n\t\t\t\t\t\t\t\t<div class=\"elementor-grid-item elementor-repeater-item-cf9e59d\">\n\t\t\t\t\n\n<div class=\"ube-process-item g5plus-process\">\n\t<span>4<\/span><h2>Transparence et int\u00e9grit\u00e9<\/h2><div class=\"process-desc\"><p>Chez [Nom de l'agence immobili\u00e8re], nous valorisons la transparence<br \/>dans toutes nos transactions et traitons nos clients avec respect et honn\u00eatet\u00e9.<\/p><\/div><\/div>\n\t\t\t<\/div>\n\t\t\t\t\t\t<\/div>\n\t\t\t\t\t\t<\/div>\n\t\t\t\t<\/div>\n\t\t\t\t\t<\/div>\n\t\t<\/div>\n\t\t\t\t\t<\/div>\n\t\t<\/section>\n\t\t\t\t<section class=\"elementor-section elementor-top-section elementor-element elementor-element-6243cca28900f elementor-section-stretched elementor-section-boxed elementor-section-height-default elementor-section-height-default\" data-id=\"6243cca28900f\" data-element_type=\"section\" data-settings=\"{&quot;stretch_section&quot;:&quot;section-stretched&quot;,&quot;background_background&quot;:&quot;classic&quot;}\">\n\t\t\t\t\t\t\t<div class=\"elementor-background-overlay\"><\/div>\n\t\t\t\t\t\t\t<div class=\"elementor-container elementor-column-gap-default\">\n\t\t\t\t\t<div class=\"elementor-column elementor-col-50 elementor-top-column elementor-element elementor-element-bd58713 elementor-hidden-tablet elementor-hidden-mobile\" data-id=\"bd58713\" data-element_type=\"column\">\n\t\t\t<div class=\"elementor-widget-wrap\">\n\t\t\t\t\t\t\t<\/div>\n\t\t<\/div>\n\t\t\t\t<div class=\"elementor-column elementor-col-50 elementor-top-column elementor-element elementor-element-fddccb7\" data-id=\"fddccb7\" data-element_type=\"column\">\n\t\t\t<div class=\"elementor-widget-wrap elementor-element-populated\">\n\t\t\t\t\t\t<div class=\"elementor-element elementor-element-1d90c0c elementor-widget elementor-widget-ube-heading\" data-id=\"1d90c0c\" data-element_type=\"widget\" data-widget_type=\"ube-heading.default\">\n\t\t\t\t<div class=\"elementor-widget-container\">\n\t\t\t\t\t<div class=\"ube-heading ube-heading-divider-after\">\n\t<h6 class=\"ube-heading-sub-title\" ><span class=\"icon\"><\/span>Toujours vous soutenir<\/h6><h2 class=\"ube-heading-title\">Comment pouvons nous aider ?<\/h2><div class=\"ube-heading-divider\"><\/div><div class=\"ube-heading-description\"><p>Laissez nous un message et notre \u00e9quipe comp\u00e9tente vous r\u00e9pond le plut\u00f4t possible<\/p><\/div><\/div>\t\t\t\t<\/div>\n\t\t\t\t<\/div>\n\t\t\t\t<div class=\"elementor-element elementor-element-056951c ube-contact-form-7-button-custom elementor-widget elementor-widget-ube-contact-form-7\" data-id=\"056951c\" data-element_type=\"widget\" data-widget_type=\"ube-contact-form-7.default\">\n\t\t\t\t<div class=\"elementor-widget-container\">\n\t\t\t\t\t    <div class=\"ube-contact-form-7-wrapper\">\n        <div class=\"ube-contact-form ube-contact-form-7 ube-contact-form-056951c ube-contact-form-7-button-custom\">\n\t\t\t\n<div class=\"wpcf7 no-js\" id=\"wpcf7-f31-o1\" lang=\"en-US\" dir=\"ltr\" data-wpcf7-id=\"31\">\n<div class=\"screen-reader-response\"><p role=\"status\" aria-live=\"polite\" aria-atomic=\"true\"><\/p> <ul><\/ul><\/div>\n<form action=\"\/en\/wp-json\/wp\/v2\/pages\/1002#wpcf7-f31-o1\" method=\"post\" class=\"wpcf7-form init\" aria-label=\"Contact form\" novalidate=\"novalidate\" data-status=\"init\" data-trp-original-action=\"\/en\/wp-json\/wp\/v2\/pages\/1002#wpcf7-f31-o1\">\n<div style=\"display: none;\">\n<input type=\"hidden\" name=\"_wpcf7\" value=\"31\" \/>\n<input type=\"hidden\" name=\"_wpcf7_version\" value=\"6.0.6\" \/>\n<input type=\"hidden\" name=\"_wpcf7_locale\" value=\"en_US\" \/>\n<input type=\"hidden\" name=\"_wpcf7_unit_tag\" value=\"wpcf7-f31-o1\" \/>\n<input type=\"hidden\" name=\"_wpcf7_container_post\" value=\"0\" \/>\n<input type=\"hidden\" name=\"_wpcf7_posted_data_hash\" value=\"\" \/>\n<\/div>\n<div class=\"g5plus-contact-form column-2 row\">\n\t<div class=\"col-md-6 col-sm-12 col-xs-12\">\n\t\t<p><span class=\"wpcf7-form-control-wrap\" data-name=\"your-name\"><input size=\"40\" maxlength=\"400\" class=\"wpcf7-form-control wpcf7-text\" aria-invalid=\"false\" placeholder=\"Nom et pr\u00e9nom\" value=\"\" type=\"text\" name=\"your-name\" \/><\/span>\n\t\t<\/p>\n\t<\/div>\n\t<div class=\"col-md-6 col-sm-12 col-xs-12\">\n\t\t<p><span class=\"wpcf7-form-control-wrap\" data-name=\"your-email\"><input size=\"40\" maxlength=\"400\" class=\"wpcf7-form-control wpcf7-email wpcf7-validates-as-required wpcf7-text wpcf7-validates-as-email\" aria-required=\"true\" aria-invalid=\"false\" placeholder=\"Adresse e-mail\" value=\"\" type=\"email\" name=\"your-email\" \/><\/span>\n\t\t<\/p>\n\t<\/div>\n\t<div class=\"col-xs-12\">\n\t\t<p><span class=\"wpcf7-form-control-wrap\" data-name=\"your-message\"><textarea cols=\"40\" rows=\"10\" maxlength=\"2000\" class=\"wpcf7-form-control wpcf7-textarea\" aria-invalid=\"false\" placeholder=\"Message\" name=\"your-message\"><\/textarea><\/span>\n\t\t<\/p>\n\t<\/div>\n\t<div class=\"col-xs-12\">\n\t\t<p><button type=\"submit\" class=\"btn btn-lg btn-dark btn-classic btn-icon\" ><i class=\"fa fa-paper-plane\"><\/i><span>Envoyer<\/span><\/button>\n\t\t<\/p>\n\t<\/div>\n<\/div><p style=\"display: none !important;\" class=\"akismet-fields-container\" data-prefix=\"_wpcf7_ak_\"><label>&#916;<textarea name=\"_wpcf7_ak_hp_textarea\" cols=\"45\" rows=\"8\" maxlength=\"100\"><\/textarea><\/label><input type=\"hidden\" id=\"ak_js_1\" name=\"_wpcf7_ak_js\" value=\"165\"\/><script>document.getElementById( \"ak_js_1\" ).setAttribute( \"value\", ( new Date() ).getTime() );<\/script><\/p><div class=\"wpcf7-response-output\" aria-hidden=\"true\"><\/div>\n<input type=\"hidden\" name=\"trp-form-language\" value=\"en\"\/><\/form>\n<\/div>\n        <\/div>\n    <\/div>\n\t\t\t\t<\/div>\n\t\t\t\t<\/div>\n\t\t\t\t\t<\/div>\n\t\t<\/div>\n\t\t\t\t\t<\/div>\n\t\t<\/section>\n\t\t\t\t<\/div>","protected":false},"excerpt":{"rendered":"<p>Bienvenue chez FLEX Immobiliers votre partenaire de confiance pour toutes vos transactionsimmobili\u00e8res \u00e0 Ouagadougou, Burkina Faso. Que vous cherchiez \u00e0 acheter, vendre ou louer unepropri\u00e9t\u00e9, notre \u00e9quipe d&rsquo;experts d\u00e9vou\u00e9s est l\u00e0 pour vous accompagner tout au long du processus.D\u00e9couvrez comment nous pouvons vous aider \u00e0 r\u00e9aliser vos r\u00eaves immobiliers. Contactez-nous d\u00e8s aujourd&rsquo;hui ! Quel que [&hellip;]<\/p>","protected":false},"author":6,"featured_media":0,"parent":0,"menu_order":0,"comment_status":"closed","ping_status":"closed","template":"elementor_header_footer","meta":{"powered_cache_disable_cache":false,"powered_cache_disable_css_optimization":false,"powered_cache_disable_js_optimization":false,"powered_cache_disable_js_defer":false,"powered_cache_disable_js_delay":false,"_glsr_average":0,"_glsr_ranking":0,"_glsr_reviews":0,"footnotes":""},"class_list":["post-1002","page","type-page","status-publish","hentry"],"_links":{"self":[{"href":"https:\/\/fleximmobf.com\/en\/wp-json\/wp\/v2\/pages\/1002","targetHints":{"allow":["GET"]}}],"collection":[{"href":"https:\/\/fleximmobf.com\/en\/wp-json\/wp\/v2\/pages"}],"about":[{"href":"https:\/\/fleximmobf.com\/en\/wp-json\/wp\/v2\/types\/page"}],"author":[{"embeddable":true,"href":"https:\/\/fleximmobf.com\/en\/wp-json\/wp\/v2\/users\/6"}],"replies":[{"embeddable":true,"href":"https:\/\/fleximmobf.com\/en\/wp-json\/wp\/v2\/comments?post=1002"}],"version-history":[{"count":5,"href":"https:\/\/fleximmobf.com\/en\/wp-json\/wp\/v2\/pages\/1002\/revisions"}],"predecessor-version":[{"id":6610,"href":"https:\/\/fleximmobf.com\/en\/wp-json\/wp\/v2\/pages\/1002\/revisions\/6610"}],"wp:attachment":[{"href":"https:\/\/fleximmobf.com\/en\/wp-json\/wp\/v2\/media?parent=1002"}],"curies":[{"name":"wp","href":"https:\/\/api.w.org\/{rel}","templated":true}]}}