{"id":155,"date":"2016-12-01T09:56:54","date_gmt":"2016-12-01T09:56:54","guid":{"rendered":"https:\/\/fleximmobf.com\/?page_id=155"},"modified":"2023-10-23T01:04:57","modified_gmt":"2023-10-23T01:04:57","slug":"faqs","status":"publish","type":"page","link":"https:\/\/fleximmobf.com\/en\/faqs\/","title":{"rendered":"FAQs"},"content":{"rendered":"<div data-elementor-type=\"wp-page\" data-elementor-id=\"155\" class=\"elementor elementor-155\" data-elementor-post-type=\"page\">\n\t\t\t\t\t\t<section class=\"elementor-section elementor-top-section elementor-element elementor-element-6243d1dae36dc elementor-section-boxed elementor-section-height-default elementor-section-height-default\" data-id=\"6243d1dae36dc\" data-element_type=\"section\">\n\t\t\t\t\t\t<div class=\"elementor-container elementor-column-gap-default\">\n\t\t\t\t\t<div class=\"elementor-column elementor-col-100 elementor-top-column elementor-element elementor-element-ef16ab7\" data-id=\"ef16ab7\" data-element_type=\"column\">\n\t\t\t<div class=\"elementor-widget-wrap elementor-element-populated\">\n\t\t\t\t\t\t<div class=\"elementor-element elementor-element-6307668 elementor-widget elementor-widget-ube-accordion\" data-id=\"6307668\" data-element_type=\"widget\" data-widget_type=\"ube-accordion.default\">\n\t\t\t\t<div class=\"elementor-widget-container\">\n\t\t\t\t\t<div class=\"ube-accordion accordion\" id=\"accordion-6307668\">\n\t        <div class=\"card ube-accordion-card active\">\n            <div class=\"card-header ube-accordion-card-header\" id=\"heading-630766869ea2dba260fb\">\n                <h5 class=\"ube-accordion-link m-0 d-flex align-items-center collapsed\" data-toggle=\"collapse\" data-target=\"#collapse-630766869ea2dba260fb\" aria-expanded=\"true\" aria-controls=\"collapse-630766869ea2dba260fb\">\n\t\t\t\t\t                        <span class=\"ube-accordion-icon left-icon\">\n                                     \t                                     <i class=\"fas fa-plus\"><\/i>                                                                     <\/span>\n\t\t\t\t\t\t\t\t\t\t                    <span >Combien de temps faudra-t-il pour vendre ma maison ?<\/span>\n\t\t\t\t\t                <\/h5>\n            <\/div>\n\t\t\t            <div class=\"ube-collapsible collapse show\" aria-labelledby=\"heading-630766869ea2dba260fb\" id=\"collapse-630766869ea2dba260fb\" data-parent=\"#accordion-6307668\">\n                <div class=\"card-body ube-accordion-card-body\">\n\t\t\t\t\t                        <div >\n\t\t\t\t\t\t\t<p>Le d\u00e9lai de la vente de votre maison d\u00e9pend vraiment de votre ville, votre pays et des conditions du march\u00e9 immobilier local. Votre prix de vente est tr\u00e8s d\u00e9terminant, la condition physique de votre bien, la capacit\u00e9 marketing, le r\u00e9seau et le savoir-faire de votre agence immobili\u00e8re entrent \u00e9galement en jeu.<\/p><p>Veuillez comprendre que le terme \u201crapide\u201d est un terme relatif dans le secteur de l\u2019immobilier. Par exemple, vous pouvez recevoir une excellente offre le premier jour. Si vous l\u2019acceptez, il peut s\u2019\u00e9couler entre 30 et 45 jours avant que l\u2019affaire ne soit officiellement conclue.<\/p><p>Pour aider \u00e0 rationaliser le processus qui m\u00e8ne \u00e0 la meilleure offre, il y a certaines choses qu\u2019un vendeur peut faire pour vendre sa maison \u201cplus rapidement\u201d :<\/p><ul><li>engager une agence immobili\u00e8re en signant un mandat de vente,<\/li><li>fixer raisonnablement le prix de la maison, am\u00e9liorer l\u2019attrait de la fa\u00e7ade en faisant une r\u00e9novation,<\/li><li>prendre de belles photos,<\/li><li>enlever les animaux domestiques et leurs odeurs.<\/li><\/ul><p>Si le prix de vente de la maison est raisonnable pour son emplacement, celle-ci peut se vendre en moins de 3 mois. Sachez que les clients recherchent de bonnes opportunit\u00e9s et si votre maison ne se vend pas au bout de 3 mois. Pensez \u00e0 r\u00e9duire significativement votre prix de vente.<\/p>                        <\/div>\n\t\t\t\t\t                <\/div>\n            <\/div>\n        <\/div>\n\t        <div class=\"card ube-accordion-card\">\n            <div class=\"card-header ube-accordion-card-header\" id=\"heading-630766869ea2dba2681c\">\n                <h5 class=\"ube-accordion-link m-0 d-flex align-items-center collapsed\" data-toggle=\"collapse\" data-target=\"#collapse-630766869ea2dba2681c\" aria-expanded=\"false\" aria-controls=\"collapse-630766869ea2dba2681c\">\n\t\t\t\t\t                        <span class=\"ube-accordion-icon left-icon\">\n                                     \t                                     <i class=\"fas fa-plus\"><\/i>                                                                     <\/span>\n\t\t\t\t\t\t\t\t\t\t                    <span >Combien vaut ma maison ?<\/span>\n\t\t\t\t\t                <\/h5>\n            <\/div>\n\t\t\t            <div class=\"ube-collapsible collapse\" aria-labelledby=\"heading-630766869ea2dba2681c\" id=\"collapse-630766869ea2dba2681c\" data-parent=\"#accordion-6307668\">\n                <div class=\"card-body ube-accordion-card-body\">\n\t\t\t\t\t                        <div >\n\t\t\t\t\t\t\t<p>Pour conna\u00eetre la valeur de votre maison, il est indispensable de faire appel \u00e0 une agence immobili\u00e8re locale de r\u00e9f\u00e9rence.\u00a0Deux facteurs principaux d\u00e9terminent la valeur de votre maison :<\/p><ul><li>son \u00e9tat<\/li><li>le niveau de la demande de maisons similaires.<\/li><\/ul><p>Votre meilleure chance est de regarder les ventes de biens semblables au v\u00f4tre. Assurez-vous qu\u2019elles sont de taille et d\u2019\u00e9tat similaires aux v\u00f4tres.<\/p><p>PERFECTOR IMMOBILIER est l\u00e0 pour vous aider \u00e0 fixer le juste prix.<\/p><p>Notre politique de prix<br \/>* Emplacement : L\u2019emplacement et la configuration de votre propri\u00e9t\u00e9 influencent sa valeur\u202f;<br \/>* \u00c9tat physique : L\u2019\u00e9tat actuel de votre propri\u00e9t\u00e9 d\u00e9termine sa valeur commerciale\u202f;<br \/>* March\u00e9 actuel : Le march\u00e9 immobilier est un ph\u00e9nom\u00e8ne dynamique, avec des prix en constante \u00e9volution\u202f;<br \/>* Offre du vendeur : Votre propri\u00e9t\u00e9 doit \u00eatre tarifi\u00e9e dans la fourchette appropri\u00e9e pour un partenariat gagnant \u2013 gagnant.<\/p><p>Sachez qu\u2019une bonne opportunit\u00e9 se vend toujours. Et pour vous aider \u00e0 fixer le prix de votre maison, nous disposons des donn\u00e9es indispensables :<br \/>* Le prix des biens r\u00e9cemment vendus semblables au v\u00f4tre;<br \/>* Le prix des biens actuellement en vente\u202f;<br \/>* L\u2019opinion de plusieurs professionnels\u202f;<br \/>* Les r\u00e9actions des acheteurs du moment.<\/p>                        <\/div>\n\t\t\t\t\t                <\/div>\n            <\/div>\n        <\/div>\n\t        <div class=\"card ube-accordion-card\">\n            <div class=\"card-header ube-accordion-card-header\" id=\"heading-630766869ea2dba26a2f\">\n                <h5 class=\"ube-accordion-link m-0 d-flex align-items-center collapsed\" data-toggle=\"collapse\" data-target=\"#collapse-630766869ea2dba26a2f\" aria-expanded=\"false\" aria-controls=\"collapse-630766869ea2dba26a2f\">\n\t\t\t\t\t                        <span class=\"ube-accordion-icon left-icon\">\n                                     \t                                     <i class=\"fas fa-plus\"><\/i>                                                                     <\/span>\n\t\t\t\t\t\t\t\t\t\t                    <span >Quel type de mandat proposez-vous?<\/span>\n\t\t\t\t\t                <\/h5>\n            <\/div>\n\t\t\t            <div class=\"ube-collapsible collapse\" aria-labelledby=\"heading-630766869ea2dba26a2f\" id=\"collapse-630766869ea2dba26a2f\" data-parent=\"#accordion-6307668\">\n                <div class=\"card-body ube-accordion-card-body\">\n\t\t\t\t\t                        <div >\n\t\t\t\t\t\t\t<p>Chez nous, il existe deux types de mandat de vente qui sont :<br \/>* Le mandat confiance\u202f (exclusif);<br \/>* Le mandat simple.<\/p><p>Notre mandat de vente exclusif est un contrat sign\u00e9 entre vous, le vendeur d\u2019une part, et nous, le professionnel de l\u2019immobilier d\u2019autre part. Il nous conf\u00e8re l\u2019exclusivit\u00e9 pour r\u00e9aliser une transaction immobili\u00e8re dans un meilleur d\u00e9lai. Ce type de contrat permet une implication totale de votre agent immobilier que nous sommes, il est la concr\u00e9tisation de la confiance que vous nous accordez. Nos droits et devoirs sont plus impactant. Il permet d\u2019obtenir nos services avec une qualit\u00e9 de service \u00e9lev\u00e9e.<br \/>Ce n\u2019est pas un hasard si le mandat confiance vous est propos\u00e9 en priorit\u00e9 : Tout \u00e0 votre avantage, cela vous garantira sur la dur\u00e9e voulue du mandat une commercialisation optimale.<\/p><p>Le mandat de vente simple permet de faire appel \u00e0 un agent immobilier ou plusieurs. Contrairement au mandat exclusif, le mandat simple a beaucoup d\u2019inconv\u00e9nients souvent m\u00e9connus par les vendeurs. Voici quelques-uns :<br \/>* Faible implication des agences, elles investiront moins pour le promouvoir et vous trouver un acqu\u00e9reur<br \/>* Vente plus longue : 6 mois en moyenne, soit deux fois plus que pour un mandat exclusif\u202f;<br \/>* Risques de n\u00e9gociations accrus.<\/p>                        <\/div>\n\t\t\t\t\t                <\/div>\n            <\/div>\n        <\/div>\n\t        <div class=\"card ube-accordion-card\">\n            <div class=\"card-header ube-accordion-card-header\" id=\"heading-630766869ea2dba26be2\">\n                <h5 class=\"ube-accordion-link m-0 d-flex align-items-center collapsed\" data-toggle=\"collapse\" data-target=\"#collapse-630766869ea2dba26be2\" aria-expanded=\"false\" aria-controls=\"collapse-630766869ea2dba26be2\">\n\t\t\t\t\t                        <span class=\"ube-accordion-icon left-icon\">\n                                     \t                                     <i class=\"fas fa-plus\"><\/i>                                                                     <\/span>\n\t\t\t\t\t\t\t\t\t\t                    <span >Dois-je effectuer des r\u00e9parations avant de mettre la maison en vente ?<\/span>\n\t\t\t\t\t                <\/h5>\n            <\/div>\n\t\t\t            <div class=\"ube-collapsible collapse\" aria-labelledby=\"heading-630766869ea2dba26be2\" id=\"collapse-630766869ea2dba26be2\" data-parent=\"#accordion-6307668\">\n                <div class=\"card-body ube-accordion-card-body\">\n\t\t\t\t\t                        <div >\n\t\t\t\t\t\t\t<p>Bien que cel\u00e0 ne soit pas obligatoire, tr\u00e8s souvent, les acheteurs veulent acheter une maison \u201cpr\u00eate \u00e0 habiter\u201d, c\u2019est-\u00e0-dire une maison qui ne n\u00e9cessite pas beaucoup de travaux avant de s\u2019installer. Cela est particuli\u00e8rement vrai pour les jeunes acheteurs, dont 76 % affirment qu\u2019une maison pr\u00eate \u00e0 emm\u00e9nager est indispensable.<\/p><p>C\u2019est pourquoi vous pouvez envisager d\u2019effectuer quelques r\u00e9parations avant de mettre votre maison sur le march\u00e9. Les petites r\u00e9parations esth\u00e9tiques peuvent \u00eatre une bonne id\u00e9e pour rendre votre maison plus vendable (et plus pr\u00e9cieuse).<\/p>                        <\/div>\n\t\t\t\t\t                <\/div>\n            <\/div>\n        <\/div>\n\t        <div class=\"card ube-accordion-card\">\n            <div class=\"card-header ube-accordion-card-header\" id=\"heading-630766869ea2dba26d8e\">\n                <h5 class=\"ube-accordion-link m-0 d-flex align-items-center collapsed\" data-toggle=\"collapse\" data-target=\"#collapse-630766869ea2dba26d8e\" aria-expanded=\"false\" aria-controls=\"collapse-630766869ea2dba26d8e\">\n\t\t\t\t\t                        <span class=\"ube-accordion-icon left-icon\">\n                                     \t                                     <i class=\"fas fa-plus\"><\/i>                                                                     <\/span>\n\t\t\t\t\t\t\t\t\t\t                    <span >Dois-je augmenter le prix de mon logement pour laisser de la place aux n\u00e9gociations ?<\/span>\n\t\t\t\t\t                <\/h5>\n            <\/div>\n\t\t\t            <div class=\"ube-collapsible collapse\" aria-labelledby=\"heading-630766869ea2dba26d8e\" id=\"collapse-630766869ea2dba26d8e\" data-parent=\"#accordion-6307668\">\n                <div class=\"card-body ube-accordion-card-body\">\n\t\t\t\t\t                        <div >\n\t\t\t\t\t\t\t<p>Cette question fr\u00e9quemment pos\u00e9e conduit souvent \u00e0 une erreur de prix courante que font les vendeurs. De nombreux vendeurs pensent qu\u2019ils doivent fixer le prix de leur maison \u00e0 un niveau sup\u00e9rieur \u00e0 celui sugg\u00e9r\u00e9 par un agent immobilier professionnel afin de laisser une marge de man\u0153uvre pour les n\u00e9gociations et les offres \u00e0 bas prix. Une maison bien \u00e9valu\u00e9e se vendra rapidement et se vendra \u00e0 un prix proche du prix inscrit sur le mandat de vente. Il n\u2019est pas n\u00e9cessaire de laisser de la place aux n\u00e9gociations, car les acheteurs d\u2019aujourd\u2019hui sont tr\u00e8s bien inform\u00e9s. Un vendeur qui fixe le prix de sa maison tr\u00e8s cher pour laisser la place \u00e0 la n\u00e9gociation peut en fait s\u2019exposer \u00e0 des co\u00fbts plus \u00e9lev\u00e9s que s\u2019il fixait le prix en fonction de la valeur marchande sugg\u00e9r\u00e9e. La maison pourrait faire des ann\u00e9es sur le march\u00e9 avant de trouver un preneur.<\/p>                        <\/div>\n\t\t\t\t\t                <\/div>\n            <\/div>\n        <\/div>\n\t        <div class=\"card ube-accordion-card\">\n            <div class=\"card-header ube-accordion-card-header\" id=\"heading-630766869ea2dba26f3a\">\n                <h5 class=\"ube-accordion-link m-0 d-flex align-items-center collapsed\" data-toggle=\"collapse\" data-target=\"#collapse-630766869ea2dba26f3a\" aria-expanded=\"false\" aria-controls=\"collapse-630766869ea2dba26f3a\">\n\t\t\t\t\t                        <span class=\"ube-accordion-icon left-icon\">\n                                     \t                                     <i class=\"fas fa-plus\"><\/i>                                                                     <\/span>\n\t\t\t\t\t\t\t\t\t\t                    <span >Comment d\u00e9terminez-vous le meilleur loyer pour mon bien ?<\/span>\n\t\t\t\t\t                <\/h5>\n            <\/div>\n\t\t\t            <div class=\"ube-collapsible collapse\" aria-labelledby=\"heading-630766869ea2dba26f3a\" id=\"collapse-630766869ea2dba26f3a\" data-parent=\"#accordion-6307668\">\n                <div class=\"card-body ube-accordion-card-body\">\n\t\t\t\t\t                        <div >\n\t\t\t\t\t\t\t<p>Nous nous effor\u00e7ons toujours de vous obtenir le loyer maximum possible, mais nous devons \u00e9galement garder \u00e0 l\u2019esprit de fixer le loyer correct du march\u00e9 pour que votre propri\u00e9t\u00e9 soit lou\u00e9e le plus rapidement possible.<\/p><p>Pour ce faire, nous prenons en compte les facteurs suivants :<\/p><p>La demande : Y-a-t-il actuellement une forte ou une faible demande de propri\u00e9t\u00e9s \u00e0 louer ? Cette demande peut \u00eatre saisonni\u00e8re et influenc\u00e9e par un certain nombre de facteurs.<br \/>Ce qui est disponible actuellement : Nous examinons les propri\u00e9t\u00e9s actuellement disponibles \u00e0 la location et prenons en compte leur emplacement et leurs caract\u00e9ristiques pour les comparer et calculer un loyer maximum pour votre propri\u00e9t\u00e9.<br \/>Ce que nous avons lou\u00e9 en ce moment: Nous comparons votre propri\u00e9t\u00e9 avec ce que nous avons actuellement lou\u00e9, en tenant compte de l\u2019emplacement et des caract\u00e9ristiques de la propri\u00e9t\u00e9.<br \/>Ces facteurs nous permettent de vous donner suffisamment d\u2019informations pour fixer le bon loyer pour votre propri\u00e9t\u00e9.<\/p>                        <\/div>\n\t\t\t\t\t                <\/div>\n            <\/div>\n        <\/div>\n\t        <div class=\"card ube-accordion-card\">\n            <div class=\"card-header ube-accordion-card-header\" id=\"heading-630766869ea2dba270ea\">\n                <h5 class=\"ube-accordion-link m-0 d-flex align-items-center collapsed\" data-toggle=\"collapse\" data-target=\"#collapse-630766869ea2dba270ea\" aria-expanded=\"false\" aria-controls=\"collapse-630766869ea2dba270ea\">\n\t\t\t\t\t                        <span class=\"ube-accordion-icon left-icon\">\n                                     \t                                     <i class=\"fas fa-plus\"><\/i>                                                                     <\/span>\n\t\t\t\t\t\t\t\t\t\t                    <span >Garantissez-vous le locataire ?<\/span>\n\t\t\t\t\t                <\/h5>\n            <\/div>\n\t\t\t            <div class=\"ube-collapsible collapse\" aria-labelledby=\"heading-630766869ea2dba270ea\" id=\"collapse-630766869ea2dba270ea\" data-parent=\"#accordion-6307668\">\n                <div class=\"card-body ube-accordion-card-body\">\n\t\t\t\t\t                        <div >\n\t\t\t\t\t\t\t<p>Nous ne pouvons jamais garantir la performance du locataire pour votre propri\u00e9t\u00e9. Nous pouvons seulement utiliser nos comp\u00e9tences et notre exp\u00e9rience professionnelles pour v\u00e9rifier que le locataire peut se permettre de payer le loyer et pour nous faire une opinion sur la capacit\u00e9 du locataire \u00e0 entretenir le bien \u00e0 un niveau acceptable.<\/p><p>Comme le paiement du loyer et l\u2019entretien du bien sont purement volontaires de la part du locataire, nous ne pouvons pas garantir le r\u00e9sultat de la location. Il s\u2019agit d\u2019un risque de propri\u00e9taire qui accompagne la possession d\u2019un immeuble de placement. Nous vous recommandons de souscrire une assurance de protection des propri\u00e9taires si ce risque vous pr\u00e9occupe beaucoup.<\/p>                        <\/div>\n\t\t\t\t\t                <\/div>\n            <\/div>\n        <\/div>\n\t        <div class=\"card ube-accordion-card\">\n            <div class=\"card-header ube-accordion-card-header\" id=\"heading-630766869ea2dba2724f\">\n                <h5 class=\"ube-accordion-link m-0 d-flex align-items-center collapsed\" data-toggle=\"collapse\" data-target=\"#collapse-630766869ea2dba2724f\" aria-expanded=\"false\" aria-controls=\"collapse-630766869ea2dba2724f\">\n\t\t\t\t\t                        <span class=\"ube-accordion-icon left-icon\">\n                                     \t                                     <i class=\"fas fa-plus\"><\/i>                                                                     <\/span>\n\t\t\t\t\t\t\t\t\t\t                    <span >Comment g\u00e9rez-vous les d\u00e9p\u00f4ts de garantie ?<\/span>\n\t\t\t\t\t                <\/h5>\n            <\/div>\n\t\t\t            <div class=\"ube-collapsible collapse\" aria-labelledby=\"heading-630766869ea2dba2724f\" id=\"collapse-630766869ea2dba2724f\" data-parent=\"#accordion-6307668\">\n                <div class=\"card-body ube-accordion-card-body\">\n\t\t\t\t\t                        <div >\n\t\t\t\t\t\t\t<p>Nous collectons un d\u00e9p\u00f4t de garantie \u00e0 la signature du bail pour chaque propri\u00e9t\u00e9. Ces fonds sont plac\u00e9s sur un de nos comptes bancaires pour la dur\u00e9e du bail. Lorsqu\u2019un locataire quitte la propri\u00e9t\u00e9, le logement est \u00e9valu\u00e9 pour les dommages ou le vandalisme. Tous les frais applicables seront d\u00e9duits du d\u00e9p\u00f4t avant qu\u2019il ne soit rendu au locataire.<\/p>                        <\/div>\n\t\t\t\t\t                <\/div>\n            <\/div>\n        <\/div>\n\t<\/div>\t\t\t\t<\/div>\n\t\t\t\t<\/div>\n\t\t\t\t\t<\/div>\n\t\t<\/div>\n\t\t\t\t\t<\/div>\n\t\t<\/section>\n\t\t\t\t<section class=\"elementor-section elementor-top-section elementor-element elementor-element-6243d1ec5ed42 elementor-section-stretched elementor-section-boxed elementor-section-height-default elementor-section-height-default\" data-id=\"6243d1ec5ed42\" data-element_type=\"section\" data-settings=\"{&quot;stretch_section&quot;:&quot;section-stretched&quot;,&quot;background_background&quot;:&quot;classic&quot;}\">\n\t\t\t\t\t\t\t<div class=\"elementor-background-overlay\"><\/div>\n\t\t\t\t\t\t\t<div class=\"elementor-container elementor-column-gap-default\">\n\t\t\t\t\t<div class=\"elementor-column elementor-col-50 elementor-top-column elementor-element elementor-element-bd58713 elementor-hidden-tablet elementor-hidden-mobile\" data-id=\"bd58713\" data-element_type=\"column\">\n\t\t\t<div class=\"elementor-widget-wrap\">\n\t\t\t\t\t\t\t<\/div>\n\t\t<\/div>\n\t\t\t\t<div class=\"elementor-column elementor-col-50 elementor-top-column elementor-element elementor-element-fddccb7\" data-id=\"fddccb7\" data-element_type=\"column\">\n\t\t\t<div class=\"elementor-widget-wrap elementor-element-populated\">\n\t\t\t\t\t\t<div class=\"elementor-element elementor-element-1d90c0c elementor-widget elementor-widget-ube-heading\" data-id=\"1d90c0c\" data-element_type=\"widget\" data-widget_type=\"ube-heading.default\">\n\t\t\t\t<div class=\"elementor-widget-container\">\n\t\t\t\t\t<div class=\"ube-heading ube-heading-divider-after\">\n\t<h6 class=\"ube-heading-sub-title\" ><span class=\"icon\"><\/span>Toujours  \u00e0 votre service<\/h6><h2 class=\"ube-heading-title\">Comment pouvons nous aider ?<\/h2><div class=\"ube-heading-divider\"><\/div><div class=\"ube-heading-description\"><p>Laissez nous un message et notre \u00e9quipe comp\u00e9tente vous r\u00e9pond le plut\u00f4t possible<\/p><\/div><\/div>\t\t\t\t<\/div>\n\t\t\t\t<\/div>\n\t\t\t\t<div class=\"elementor-element elementor-element-056951c ube-contact-form-7-button-custom elementor-widget elementor-widget-ube-contact-form-7\" data-id=\"056951c\" data-element_type=\"widget\" data-widget_type=\"ube-contact-form-7.default\">\n\t\t\t\t<div class=\"elementor-widget-container\">\n\t\t\t\t\t    <div class=\"ube-contact-form-7-wrapper\">\n        <div class=\"ube-contact-form ube-contact-form-7 ube-contact-form-056951c ube-contact-form-7-button-custom\">\n\t\t\t\n<div class=\"wpcf7 no-js\" id=\"wpcf7-f31-o1\" lang=\"en-US\" dir=\"ltr\" data-wpcf7-id=\"31\">\n<div class=\"screen-reader-response\"><p role=\"status\" aria-live=\"polite\" aria-atomic=\"true\"><\/p> <ul><\/ul><\/div>\n<form action=\"\/en\/wp-json\/wp\/v2\/pages\/155#wpcf7-f31-o1\" method=\"post\" class=\"wpcf7-form init\" aria-label=\"Contact form\" novalidate=\"novalidate\" data-status=\"init\" data-trp-original-action=\"\/en\/wp-json\/wp\/v2\/pages\/155#wpcf7-f31-o1\">\n<div style=\"display: none;\">\n<input type=\"hidden\" name=\"_wpcf7\" value=\"31\" \/>\n<input type=\"hidden\" name=\"_wpcf7_version\" value=\"6.0.6\" \/>\n<input type=\"hidden\" name=\"_wpcf7_locale\" value=\"en_US\" \/>\n<input type=\"hidden\" name=\"_wpcf7_unit_tag\" value=\"wpcf7-f31-o1\" \/>\n<input type=\"hidden\" name=\"_wpcf7_container_post\" value=\"0\" \/>\n<input type=\"hidden\" name=\"_wpcf7_posted_data_hash\" value=\"\" \/>\n<\/div>\n<div class=\"g5plus-contact-form column-2 row\">\n\t<div class=\"col-md-6 col-sm-12 col-xs-12\">\n\t\t<p><span class=\"wpcf7-form-control-wrap\" data-name=\"your-name\"><input size=\"40\" maxlength=\"400\" class=\"wpcf7-form-control wpcf7-text\" aria-invalid=\"false\" placeholder=\"Nom et pr\u00e9nom\" value=\"\" type=\"text\" name=\"your-name\" \/><\/span>\n\t\t<\/p>\n\t<\/div>\n\t<div class=\"col-md-6 col-sm-12 col-xs-12\">\n\t\t<p><span class=\"wpcf7-form-control-wrap\" data-name=\"your-email\"><input size=\"40\" maxlength=\"400\" class=\"wpcf7-form-control wpcf7-email wpcf7-validates-as-required wpcf7-text wpcf7-validates-as-email\" aria-required=\"true\" aria-invalid=\"false\" placeholder=\"Adresse e-mail\" value=\"\" type=\"email\" name=\"your-email\" \/><\/span>\n\t\t<\/p>\n\t<\/div>\n\t<div class=\"col-xs-12\">\n\t\t<p><span class=\"wpcf7-form-control-wrap\" data-name=\"your-message\"><textarea cols=\"40\" rows=\"10\" maxlength=\"2000\" class=\"wpcf7-form-control wpcf7-textarea\" aria-invalid=\"false\" placeholder=\"Message\" name=\"your-message\"><\/textarea><\/span>\n\t\t<\/p>\n\t<\/div>\n\t<div class=\"col-xs-12\">\n\t\t<p><button type=\"submit\" class=\"btn btn-lg btn-dark btn-classic btn-icon\" ><i class=\"fa fa-paper-plane\"><\/i><span>Envoyer<\/span><\/button>\n\t\t<\/p>\n\t<\/div>\n<\/div><p style=\"display: none !important;\" class=\"akismet-fields-container\" data-prefix=\"_wpcf7_ak_\"><label>&#916;<textarea name=\"_wpcf7_ak_hp_textarea\" cols=\"45\" rows=\"8\" maxlength=\"100\"><\/textarea><\/label><input type=\"hidden\" id=\"ak_js_1\" name=\"_wpcf7_ak_js\" value=\"16\"\/><script>document.getElementById( \"ak_js_1\" ).setAttribute( \"value\", ( new Date() ).getTime() );<\/script><\/p><div class=\"wpcf7-response-output\" aria-hidden=\"true\"><\/div>\n<input type=\"hidden\" name=\"trp-form-language\" value=\"en\"\/><\/form>\n<\/div>\n        <\/div>\n    <\/div>\n\t\t\t\t<\/div>\n\t\t\t\t<\/div>\n\t\t\t\t\t<\/div>\n\t\t<\/div>\n\t\t\t\t\t<\/div>\n\t\t<\/section>\n\t\t\t\t<\/div>","protected":false},"excerpt":{"rendered":"<p>Combien de temps faudra-t-il pour vendre ma maison ? Le d\u00e9lai de la vente de votre maison d\u00e9pend vraiment de votre ville, votre pays et des conditions du march\u00e9 immobilier local. Votre prix de vente est tr\u00e8s d\u00e9terminant, la condition physique de votre bien, la capacit\u00e9 marketing, le r\u00e9seau et le savoir-faire de votre agence [&hellip;]<\/p>","protected":false},"author":6,"featured_media":0,"parent":0,"menu_order":0,"comment_status":"closed","ping_status":"closed","template":"elementor_header_footer","meta":{"powered_cache_disable_cache":false,"powered_cache_disable_css_optimization":false,"powered_cache_disable_js_optimization":false,"powered_cache_disable_js_defer":false,"powered_cache_disable_js_delay":false,"_glsr_average":0,"_glsr_ranking":0,"_glsr_reviews":0,"footnotes":""},"class_list":["post-155","page","type-page","status-publish","hentry"],"_links":{"self":[{"href":"https:\/\/fleximmobf.com\/en\/wp-json\/wp\/v2\/pages\/155","targetHints":{"allow":["GET"]}}],"collection":[{"href":"https:\/\/fleximmobf.com\/en\/wp-json\/wp\/v2\/pages"}],"about":[{"href":"https:\/\/fleximmobf.com\/en\/wp-json\/wp\/v2\/types\/page"}],"author":[{"embeddable":true,"href":"https:\/\/fleximmobf.com\/en\/wp-json\/wp\/v2\/users\/6"}],"replies":[{"embeddable":true,"href":"https:\/\/fleximmobf.com\/en\/wp-json\/wp\/v2\/comments?post=155"}],"version-history":[{"count":5,"href":"https:\/\/fleximmobf.com\/en\/wp-json\/wp\/v2\/pages\/155\/revisions"}],"predecessor-version":[{"id":6737,"href":"https:\/\/fleximmobf.com\/en\/wp-json\/wp\/v2\/pages\/155\/revisions\/6737"}],"wp:attachment":[{"href":"https:\/\/fleximmobf.com\/en\/wp-json\/wp\/v2\/media?parent=155"}],"curies":[{"name":"wp","href":"https:\/\/api.w.org\/{rel}","templated":true}]}}