{"id":177,"date":"2016-12-02T02:27:28","date_gmt":"2016-12-02T02:27:28","guid":{"rendered":"https:\/\/fleximmobf.com\/?page_id=177"},"modified":"2023-10-23T01:19:23","modified_gmt":"2023-10-23T01:19:23","slug":"contact","status":"publish","type":"page","link":"https:\/\/fleximmobf.com\/en\/contact\/","title":{"rendered":"Contact"},"content":{"rendered":"<div data-elementor-type=\"wp-page\" data-elementor-id=\"177\" class=\"elementor elementor-177\" data-elementor-post-type=\"page\">\n\t\t\t\t\t\t<section class=\"elementor-section elementor-top-section elementor-element elementor-element-6243cd3685083 elementor-section-full_width elementor-section-stretched elementor-section-height-default elementor-section-height-default\" data-id=\"6243cd3685083\" data-element_type=\"section\" data-settings=\"{&quot;stretch_section&quot;:&quot;section-stretched&quot;}\">\n\t\t\t\t\t\t<div class=\"elementor-container elementor-column-gap-no\">\n\t\t\t\t\t<div class=\"elementor-column elementor-col-100 elementor-top-column elementor-element elementor-element-33c3371\" data-id=\"33c3371\" data-element_type=\"column\">\n\t\t\t<div class=\"elementor-widget-wrap elementor-element-populated\">\n\t\t\t\t\t\t<div class=\"elementor-element elementor-element-1849ab9 elementor-widget elementor-widget-ube-google-map\" data-id=\"1849ab9\" data-element_type=\"widget\" data-widget_type=\"ube-google-map.default\">\n\t\t\t\t<div class=\"elementor-widget-container\">\n\t\t\t\t\t<div class=\"ube-google-map\" id=\"ube-google-map-1849ab9\" data-id=\"1849ab9\" data-mapmarkers=\"[{&quot;latitude&quot;:&quot;12.2418505&quot;,&quot;longitude&quot;:&quot;-1.5567604999999958&quot;,&quot;baloon_text&quot;:&quot;&lt;div class=\\&quot;card\\&quot;&gt;&lt;div class=\\&quot;card-body\\&quot;&gt;&lt;h5 class=\\&quot;card-title\\&quot;&gt;This is Decatur district, Iowa United States&lt;\\\/h5&gt;&lt;p class=\\&quot;card-text\\&quot;&gt;Lorem ipsum dolor sit amet, consectetur adipiscing elit, sed do eiusmod tempor incididunt ut labore et dolore magna aliqua. Ut enim ad minim veniam, quis nostrud exercitation ullamco laboris nisi ut aliquip ex ea commodo consequat. Duis aute irure &lt;\\\/p&gt;&lt;\\\/div &gt;&lt;\\\/div &gt;&quot;,&quot;icon&quot;:&quot;https:\\\/\\\/fleximmobf.com\\\/wp-content\\\/uploads\\\/2016\\\/12\\\/icon.png&quot;}]\" data-mapoptions=\"{&quot;mapTypeId&quot;:&quot;roadmap&quot;,&quot;center&quot;:&quot;Americal&quot;,&quot;mapTypeControl&quot;:true,&quot;zoomControl&quot;:true,&quot;zoom&quot;:15,&quot;streetViewControl&quot;:false,&quot;fullscreenControl&quot;:false,&quot;draggable&quot;:false,&quot;scaleControl&quot;:false}\" data-mapstyle=\"\" >&nbsp;<\/div>\t\t\t\t<\/div>\n\t\t\t\t<\/div>\n\t\t\t\t\t<\/div>\n\t\t<\/div>\n\t\t\t\t\t<\/div>\n\t\t<\/section>\n\t\t\t\t<section class=\"elementor-section elementor-top-section elementor-element elementor-element-6243cd5bb6255 elementor-section-boxed elementor-section-height-default elementor-section-height-default\" data-id=\"6243cd5bb6255\" data-element_type=\"section\">\n\t\t\t\t\t\t<div class=\"elementor-container elementor-column-gap-default\">\n\t\t\t\t\t<div class=\"elementor-column elementor-col-50 elementor-top-column elementor-element elementor-element-bc88ad3\" data-id=\"bc88ad3\" data-element_type=\"column\">\n\t\t\t<div class=\"elementor-widget-wrap elementor-element-populated\">\n\t\t\t\t\t\t<div class=\"elementor-element elementor-element-50a70c8 elementor-widget elementor-widget-ube-heading\" data-id=\"50a70c8\" data-element_type=\"widget\" data-widget_type=\"ube-heading.default\">\n\t\t\t\t<div class=\"elementor-widget-container\">\n\t\t\t\t\t<div class=\"ube-heading\">\n\t<h2 class=\"ube-heading-title\">Nos Informations<\/h2><\/div>\t\t\t\t<\/div>\n\t\t\t\t<\/div>\n\t\t\t\t<div class=\"elementor-element elementor-element-3ea4e9b elementor-view-stacked ube-position-left elementor-grid-1 elementor-shape-circle elementor-widget elementor-widget-ube-advanced-icon-box\" data-id=\"3ea4e9b\" data-element_type=\"widget\" data-widget_type=\"ube-advanced-icon-box.default\">\n\t\t\t\t<div class=\"elementor-widget-container\">\n\t\t\t\t\t\t\t<div class=\"elementor-grid ube-advanced-icon-box\">\n\t\t\t\t\t\t\t\t\t\t\t<div class=\"elementor-grid-item elementor-repeater-item-6b0d99d\">\n\t\t\t\t<div class=\"ube-icon-box-wrapper\">\n\t<div class=\"ube-icon-box\">\n\t\t\t\t\t<div class=\"ube-ib-icon\">\n\t\t\t\t<span class=\"elementor-icon\"><i aria-hidden=\"true\" class=\"icon icon-location22\"><\/i><\/span>\t\t\t<\/div>\n\t\t\t\t\t\t\t<div class=\"ube-ib-content\">\n\t\t\t\t<h3 class=\"ube-ib-title mb-0\"><span >Localisation<\/span><\/h3>\t\t\t\t\t\t\t\t\t<div class=\"ube-ib-desc mb-0\">Ouagadougou, Burkina Faso<\/div>\n\t\t\t\t\t\t\t<\/div>\n\t\t\t<\/div>\n\t<\/div>\n\n\t\t\t<\/div>\n\t\t\t\t\t\t\t\t<div class=\"elementor-grid-item elementor-repeater-item-b957f0e\">\n\t\t\t\t<div class=\"ube-icon-box-wrapper\">\n\t<div class=\"ube-icon-box\">\n\t\t\t\t\t<div class=\"ube-ib-icon\">\n\t\t\t\t<span class=\"elementor-icon\"><i aria-hidden=\"true\" class=\"fas fa-phone\"><\/i><\/span>\t\t\t<\/div>\n\t\t\t\t\t\t\t<div class=\"ube-ib-content\">\n\t\t\t\t<h3 class=\"ube-ib-title mb-0\"><span >Num\u00e9ro de t\u00e9l\u00e9phone<\/span><\/h3>\t\t\t\t\t\t\t\t\t<div class=\"ube-ib-desc mb-0\">(+226) 74 42 77 65<\/div>\n\t\t\t\t\t\t\t<\/div>\n\t\t\t<\/div>\n\t<\/div>\n\n\t\t\t<\/div>\n\t\t\t\t\t\t\t\t<div class=\"elementor-grid-item elementor-repeater-item-da81d76\">\n\t\t\t\t<div class=\"ube-icon-box-wrapper\">\n\t<div class=\"ube-icon-box\">\n\t\t\t\t\t<div class=\"ube-ib-icon\">\n\t\t\t\t<span class=\"elementor-icon\"><i aria-hidden=\"true\" class=\"icon icon-mail-envelope-open2\"><\/i><\/span>\t\t\t<\/div>\n\t\t\t\t\t\t\t<div class=\"ube-ib-content\">\n\t\t\t\t<h3 class=\"ube-ib-title mb-0\"><span >Adresse e-mail<\/span><\/h3>\t\t\t\t\t\t\t\t\t<div class=\"ube-ib-desc mb-0\">infos@fleximmobf.com<\/div>\n\t\t\t\t\t\t\t<\/div>\n\t\t\t<\/div>\n\t<\/div>\n\n\t\t\t<\/div>\n\t\t\t\t\t\t<\/div>\n\t\t\t\t\t\t<\/div>\n\t\t\t\t<\/div>\n\t\t\t\t\t<\/div>\n\t\t<\/div>\n\t\t\t\t<div class=\"elementor-column elementor-col-50 elementor-top-column elementor-element elementor-element-7012d9e\" data-id=\"7012d9e\" data-element_type=\"column\">\n\t\t\t<div class=\"elementor-widget-wrap elementor-element-populated\">\n\t\t\t\t\t\t<div class=\"elementor-element elementor-element-51d4d50 elementor-widget elementor-widget-ube-heading\" data-id=\"51d4d50\" data-element_type=\"widget\" data-widget_type=\"ube-heading.default\">\n\t\t\t\t<div class=\"elementor-widget-container\">\n\t\t\t\t\t<div class=\"ube-heading\">\n\t<h2 class=\"ube-heading-title\">Notre service client<\/h2><\/div>\t\t\t\t<\/div>\n\t\t\t\t<\/div>\n\t\t\t\t<div class=\"elementor-element elementor-element-13a6dc9 elementor-widget elementor-widget-ube-tour\" data-id=\"13a6dc9\" data-element_type=\"widget\" data-widget_type=\"ube-tour.default\">\n\t\t\t\t<div class=\"elementor-widget-container\">\n\t\t\t\t\t\n<div class=\"collapse-tabs d-flex ube-tour ube-tour-flat ube-tour-square ube-tour-left\">\n    <div class=\"tabs order-0\">\n        <ul class=\"nav flex-column nav-tabs\" role=\"tablist\">\n\t\t\t                <li class=\"nav-item active ube-tab-separate\">\n                    <a class=\"nav-link d-flex active\" id=\"item-13a6dc969ea580e6417d-tab\" data-toggle=\"tab\" href=\"#content-13a6dc969ea580e6417d\" aria-controls=\"content-13a6dc969ea580e6417d\" role=\"tab\" aria-selected=\"true\">\n\t\t\t\t\t\t\n\t\t\t\t\t\t                        <span class=\"\">\n                            Flex immo                        <\/span>\n                    <\/a>\n                <\/li>\n\t\t\t        <\/ul>\n    <\/div>\n    <div class=\"tab-content d-flex flex-column order-1 ube-tab-separate\">\n\t\t        <div class=\"ube-tab-content-container\" id=\"collapse-tabs-accordion-13a6dc9\">\n\t\t\t                <div class=\"tab-pane fade show active\" id=\"content-13a6dc969ea580e6417d\" role=\"tabpanel\" aria-labelledby=\"item-13a6dc969ea580e6417d-tab\">\n                    <div class=\"card ube-tabs-card active\">\n                        <div class=\"card-header ube-tabs-card-header\" id=\"heading-13a6dc969ea580e6417d\">\n                            <div class=\"m-0 card-title d-flex ube-tabs-card-title\" data-toggle=\"false\" aria-expanded=\"true\" data-target=\"#collapse-13a6dc969ea580e6417d\" aria-controls=\"collapse-13a6dc969ea580e6417d\" role=\"button\">\n\t\t\t\t\t\t\t\t                                <span class=\"\">\n                            Flex immo                        <\/span>\n                            <\/div>\n                        <\/div>\n                        <div id=\"collapse-13a6dc969ea580e6417d\" class=\"collapse collapsible show\" aria-labelledby=\"heading-13a6dc969ea580e6417d\" data-parent=\"#collapse-tabs-accordion-13a6dc9\">\n                            <div class=\"card-body border-sm-0 ube-tabs-card-body\">\n\t\t\t\t\t\t\t\t                                    <div >\n\t\t\t\t\t\t\t\t\t\t<p>Pour tous besoin, veuillez contacter notre service client pour des informations suppl\u00e9mentaires. Nous sommes toujours disponible pour vous \u00e9couter. Votre satisfaction est notre priorit\u00e9<\/p>                                    <\/div>\n\t\t\t\t\t\t\t\t                            <\/div>\n                        <\/div>\n                    <\/div>\n\n                <\/div>\n\t\t\t        <\/div>\n    <\/div>\n<\/div>\n\n\n\t\t\t\t<\/div>\n\t\t\t\t<\/div>\n\t\t\t\t\t<\/div>\n\t\t<\/div>\n\t\t\t\t\t<\/div>\n\t\t<\/section>\n\t\t\t\t<section class=\"elementor-section elementor-top-section elementor-element elementor-element-6243ce7a9167a elementor-section-boxed elementor-section-height-default elementor-section-height-default\" data-id=\"6243ce7a9167a\" data-element_type=\"section\">\n\t\t\t\t\t\t<div class=\"elementor-container elementor-column-gap-default\">\n\t\t\t\t\t<div class=\"elementor-column elementor-col-100 elementor-top-column elementor-element elementor-element-5d739b9\" data-id=\"5d739b9\" data-element_type=\"column\">\n\t\t\t<div class=\"elementor-widget-wrap elementor-element-populated\">\n\t\t\t\t\t\t<div class=\"elementor-element elementor-element-d86f14f elementor-widget elementor-widget-ube-heading\" data-id=\"d86f14f\" data-element_type=\"widget\" data-widget_type=\"ube-heading.default\">\n\t\t\t\t<div class=\"elementor-widget-container\">\n\t\t\t\t\t<div class=\"ube-heading ube-heading-divider-after\">\n\t<h2 class=\"ube-heading-title\">Envoyez un  Message<\/h2><div class=\"ube-heading-divider\"><\/div><\/div>\t\t\t\t<\/div>\n\t\t\t\t<\/div>\n\t\t\t\t<div class=\"elementor-element elementor-element-67efe74 ube-contact-form-7-button-custom elementor-widget elementor-widget-ube-contact-form-7\" data-id=\"67efe74\" data-element_type=\"widget\" data-widget_type=\"ube-contact-form-7.default\">\n\t\t\t\t<div class=\"elementor-widget-container\">\n\t\t\t\t\t    <div class=\"ube-contact-form-7-wrapper\">\n        <div class=\"ube-contact-form ube-contact-form-7 ube-contact-form-67efe74 ube-contact-form-7-button-custom\">\n\t\t\t\n<div class=\"wpcf7 no-js\" id=\"wpcf7-f31-o1\" lang=\"en-US\" dir=\"ltr\" data-wpcf7-id=\"31\">\n<div class=\"screen-reader-response\"><p role=\"status\" aria-live=\"polite\" aria-atomic=\"true\"><\/p> <ul><\/ul><\/div>\n<form action=\"\/en\/wp-json\/wp\/v2\/pages\/177#wpcf7-f31-o1\" method=\"post\" class=\"wpcf7-form init\" aria-label=\"Contact form\" novalidate=\"novalidate\" data-status=\"init\" data-trp-original-action=\"\/en\/wp-json\/wp\/v2\/pages\/177#wpcf7-f31-o1\">\n<div style=\"display: none;\">\n<input type=\"hidden\" name=\"_wpcf7\" value=\"31\" \/>\n<input type=\"hidden\" name=\"_wpcf7_version\" value=\"6.0.6\" \/>\n<input type=\"hidden\" name=\"_wpcf7_locale\" value=\"en_US\" \/>\n<input type=\"hidden\" name=\"_wpcf7_unit_tag\" value=\"wpcf7-f31-o1\" \/>\n<input type=\"hidden\" name=\"_wpcf7_container_post\" value=\"0\" \/>\n<input type=\"hidden\" name=\"_wpcf7_posted_data_hash\" value=\"\" \/>\n<\/div>\n<div class=\"g5plus-contact-form column-2 row\">\n\t<div class=\"col-md-6 col-sm-12 col-xs-12\">\n\t\t<p><span class=\"wpcf7-form-control-wrap\" data-name=\"your-name\"><input size=\"40\" maxlength=\"400\" class=\"wpcf7-form-control wpcf7-text\" aria-invalid=\"false\" placeholder=\"Nom et pr\u00e9nom\" value=\"\" type=\"text\" name=\"your-name\" \/><\/span>\n\t\t<\/p>\n\t<\/div>\n\t<div class=\"col-md-6 col-sm-12 col-xs-12\">\n\t\t<p><span class=\"wpcf7-form-control-wrap\" data-name=\"your-email\"><input size=\"40\" maxlength=\"400\" class=\"wpcf7-form-control wpcf7-email wpcf7-validates-as-required wpcf7-text wpcf7-validates-as-email\" aria-required=\"true\" aria-invalid=\"false\" placeholder=\"Adresse e-mail\" value=\"\" type=\"email\" name=\"your-email\" \/><\/span>\n\t\t<\/p>\n\t<\/div>\n\t<div class=\"col-xs-12\">\n\t\t<p><span class=\"wpcf7-form-control-wrap\" data-name=\"your-message\"><textarea cols=\"40\" rows=\"10\" maxlength=\"2000\" class=\"wpcf7-form-control wpcf7-textarea\" aria-invalid=\"false\" placeholder=\"Message\" name=\"your-message\"><\/textarea><\/span>\n\t\t<\/p>\n\t<\/div>\n\t<div class=\"col-xs-12\">\n\t\t<p><button type=\"submit\" class=\"btn btn-lg btn-dark btn-classic btn-icon\" ><i class=\"fa fa-paper-plane\"><\/i><span>Envoyer<\/span><\/button>\n\t\t<\/p>\n\t<\/div>\n<\/div><p style=\"display: none !important;\" class=\"akismet-fields-container\" data-prefix=\"_wpcf7_ak_\"><label>&#916;<textarea name=\"_wpcf7_ak_hp_textarea\" cols=\"45\" rows=\"8\" maxlength=\"100\"><\/textarea><\/label><input type=\"hidden\" id=\"ak_js_1\" name=\"_wpcf7_ak_js\" value=\"219\"\/><script>document.getElementById( \"ak_js_1\" ).setAttribute( \"value\", ( new Date() ).getTime() );<\/script><\/p><div class=\"wpcf7-response-output\" aria-hidden=\"true\"><\/div>\n<input type=\"hidden\" name=\"trp-form-language\" value=\"en\"\/><\/form>\n<\/div>\n        <\/div>\n    <\/div>\n\t\t\t\t<\/div>\n\t\t\t\t<\/div>\n\t\t\t\t\t<\/div>\n\t\t<\/div>\n\t\t\t\t\t<\/div>\n\t\t<\/section>\n\t\t\t\t<\/div>","protected":false},"excerpt":{"rendered":"<p>&nbsp; Nos Informations Localisation Ouagadougou, Burkina Faso Num\u00e9ro de t\u00e9l\u00e9phone (+226) 74 42 77 65 Adresse e-mail infos@fleximmobf.com Notre service client Flex immo Flex immo Pour tous besoin, veuillez contacter notre service client pour des informations suppl\u00e9mentaires. Nous sommes toujours disponible pour vous \u00e9couter. Votre satisfaction est notre priorit\u00e9 Envoyez un Message Envoyer &#916;<\/p>","protected":false},"author":6,"featured_media":0,"parent":0,"menu_order":0,"comment_status":"closed","ping_status":"closed","template":"elementor_header_footer","meta":{"powered_cache_disable_cache":false,"powered_cache_disable_css_optimization":false,"powered_cache_disable_js_optimization":false,"powered_cache_disable_js_defer":false,"powered_cache_disable_js_delay":false,"_glsr_average":0,"_glsr_ranking":0,"_glsr_reviews":0,"footnotes":""},"class_list":["post-177","page","type-page","status-publish","hentry"],"_links":{"self":[{"href":"https:\/\/fleximmobf.com\/en\/wp-json\/wp\/v2\/pages\/177","targetHints":{"allow":["GET"]}}],"collection":[{"href":"https:\/\/fleximmobf.com\/en\/wp-json\/wp\/v2\/pages"}],"about":[{"href":"https:\/\/fleximmobf.com\/en\/wp-json\/wp\/v2\/types\/page"}],"author":[{"embeddable":true,"href":"https:\/\/fleximmobf.com\/en\/wp-json\/wp\/v2\/users\/6"}],"replies":[{"embeddable":true,"href":"https:\/\/fleximmobf.com\/en\/wp-json\/wp\/v2\/comments?post=177"}],"version-history":[{"count":5,"href":"https:\/\/fleximmobf.com\/en\/wp-json\/wp\/v2\/pages\/177\/revisions"}],"predecessor-version":[{"id":6747,"href":"https:\/\/fleximmobf.com\/en\/wp-json\/wp\/v2\/pages\/177\/revisions\/6747"}],"wp:attachment":[{"href":"https:\/\/fleximmobf.com\/en\/wp-json\/wp\/v2\/media?parent=177"}],"curies":[{"name":"wp","href":"https:\/\/api.w.org\/{rel}","templated":true}]}}