{"id":6619,"date":"2023-10-02T20:01:52","date_gmt":"2023-10-02T20:01:52","guid":{"rendered":"https:\/\/fleximmobf.com\/?page_id=6619"},"modified":"2023-10-23T00:33:43","modified_gmt":"2023-10-23T00:33:43","slug":"services","status":"publish","type":"page","link":"https:\/\/fleximmobf.com\/en\/services\/","title":{"rendered":"services"},"content":{"rendered":"<div data-elementor-type=\"wp-page\" data-elementor-id=\"6619\" class=\"elementor elementor-6619\" data-elementor-post-type=\"page\">\n\t\t\t\t\t\t<section class=\"elementor-section elementor-top-section elementor-element elementor-element-651b25f00c7a7 elementor-section-boxed elementor-section-height-default elementor-section-height-default\" data-id=\"651b25f00c7a7\" data-element_type=\"section\">\n\t\t\t\t\t\t<div class=\"elementor-container elementor-column-gap-default\">\n\t\t\t\t\t<div class=\"elementor-column elementor-col-100 elementor-top-column elementor-element elementor-element-9540748\" data-id=\"9540748\" data-element_type=\"column\">\n\t\t\t<div class=\"elementor-widget-wrap elementor-element-populated\">\n\t\t\t\t\t\t<div class=\"elementor-element elementor-element-d915b2a elementor-align-center elementor-widget elementor-widget-ube-heading\" data-id=\"d915b2a\" data-element_type=\"widget\" data-widget_type=\"ube-heading.default\">\n\t\t\t\t<div class=\"elementor-widget-container\">\n\t\t\t\t\t<div class=\"ube-heading ube-heading-divider-after\">\n\t<h6 class=\"ube-heading-sub-title\" ><span class=\"icon icon-center\"><\/span>FLEX IMMOBILIERS<\/h6><h2 class=\"ube-heading-title\">Nos services<\/h2><div class=\"ube-heading-divider\"><\/div><\/div>\t\t\t\t<\/div>\n\t\t\t\t<\/div>\n\t\t\t\t<div class=\"elementor-element elementor-element-3d311f0 elementor-widget elementor-widget-ube-accordion\" data-id=\"3d311f0\" data-element_type=\"widget\" data-widget_type=\"ube-accordion.default\">\n\t\t\t\t<div class=\"elementor-widget-container\">\n\t\t\t\t\t<div class=\"ube-accordion accordion\" id=\"accordion-3d311f0\">\n\t        <div class=\"card ube-accordion-card ube-accordion-separate active\">\n            <div class=\"card-header ube-accordion-card-header\" id=\"heading-3d311f069ea3f4782b34\">\n                <h5 class=\"ube-accordion-link m-0 d-flex align-items-center collapsed\" data-toggle=\"collapse\" data-target=\"#collapse-3d311f069ea3f4782b34\" aria-expanded=\"true\" aria-controls=\"collapse-3d311f069ea3f4782b34\">\n\t\t\t\t\t                        <span class=\"ube-accordion-icon left-icon\">\n                                     \t                                     <i class=\"fas fa-plus\"><\/i>                                                                     <\/span>\n\t\t\t\t\t\t\t\t\t\t                    <span >Repr\u00e9sentation <\/span>\n\t\t\t\t\t                <\/h5>\n            <\/div>\n\t\t\t            <div class=\"ube-collapsible collapse show\" aria-labelledby=\"heading-3d311f069ea3f4782b34\" id=\"collapse-3d311f069ea3f4782b34\" data-parent=\"#accordion-3d311f0\">\n                <div class=\"card-body ube-accordion-card-body\">\n\t\t\t\t\t                        <div >\n\t\t\t\t\t\t\t<p>Nous sommes responsables de la repr\u00e9sentation des int\u00e9r\u00eats des propri\u00e9taires ou des <br \/>vendeurs, de la gestion des ventes et achats de propri\u00e9t\u00e9s et de la gestion de biens locatifs<\/p>                        <\/div>\n\t\t\t\t\t                <\/div>\n            <\/div>\n        <\/div>\n\t        <div class=\"card ube-accordion-card ube-accordion-separate\">\n            <div class=\"card-header ube-accordion-card-header\" id=\"heading-3d311f069ea3f4783111\">\n                <h5 class=\"ube-accordion-link m-0 d-flex align-items-center collapsed\" data-toggle=\"collapse\" data-target=\"#collapse-3d311f069ea3f4783111\" aria-expanded=\"false\" aria-controls=\"collapse-3d311f069ea3f4783111\">\n\t\t\t\t\t                        <span class=\"ube-accordion-icon left-icon\">\n                                     \t                                     <i class=\"fas fa-plus\"><\/i>                                                                     <\/span>\n\t\t\t\t\t\t\t\t\t\t                    <span >Vente \/ Achat<\/span>\n\t\t\t\t\t                <\/h5>\n            <\/div>\n\t\t\t            <div class=\"ube-collapsible collapse\" aria-labelledby=\"heading-3d311f069ea3f4783111\" id=\"collapse-3d311f069ea3f4783111\" data-parent=\"#accordion-3d311f0\">\n                <div class=\"card-body ube-accordion-card-body\">\n\t\t\t\t\t                        <div >\n\t\t\t\t\t\t\t<p>Nous pouvons \u00eatre charg\u00e9e de la vente ou de l\u2019achat de biens immobiliers pour le compte<br \/>des propri\u00e9taires, acheteurs et vendeurs.<\/p>                        <\/div>\n\t\t\t\t\t                <\/div>\n            <\/div>\n        <\/div>\n\t        <div class=\"card ube-accordion-card ube-accordion-separate\">\n            <div class=\"card-header ube-accordion-card-header\" id=\"heading-3d311f069ea3f47842f1\">\n                <h5 class=\"ube-accordion-link m-0 d-flex align-items-center collapsed\" data-toggle=\"collapse\" data-target=\"#collapse-3d311f069ea3f47842f1\" aria-expanded=\"false\" aria-controls=\"collapse-3d311f069ea3f47842f1\">\n\t\t\t\t\t                        <span class=\"ube-accordion-icon left-icon\">\n                                     \t                                     <i class=\"fas fa-plus\"><\/i>                                                                     <\/span>\n\t\t\t\t\t\t\t\t\t\t                    <span >Gestion locative<\/span>\n\t\t\t\t\t                <\/h5>\n            <\/div>\n\t\t\t            <div class=\"ube-collapsible collapse\" aria-labelledby=\"heading-3d311f069ea3f47842f1\" id=\"collapse-3d311f069ea3f47842f1\" data-parent=\"#accordion-3d311f0\">\n                <div class=\"card-body ube-accordion-card-body\">\n\t\t\t\t\t                        <div >\n\t\t\t\t\t\t\t<p>Lorsqu\u2019un propri\u00e9taire et\/ou un locataire ne souhaite pas s\u2019occuper de la gestion de ses<br \/>biens ou contrats locatifs, il peut nous confier cette t\u00e2che<\/p>                        <\/div>\n\t\t\t\t\t                <\/div>\n            <\/div>\n        <\/div>\n\t        <div class=\"card ube-accordion-card ube-accordion-separate\">\n            <div class=\"card-header ube-accordion-card-header\" id=\"heading-3d311f069ea3f4784441\">\n                <h5 class=\"ube-accordion-link m-0 d-flex align-items-center collapsed\" data-toggle=\"collapse\" data-target=\"#collapse-3d311f069ea3f4784441\" aria-expanded=\"false\" aria-controls=\"collapse-3d311f069ea3f4784441\">\n\t\t\t\t\t                        <span class=\"ube-accordion-icon left-icon\">\n                                     \t                                     <i class=\"fas fa-plus\"><\/i>                                                                     <\/span>\n\t\t\t\t\t\t\t\t\t\t                    <span >Conseil et expertise<\/span>\n\t\t\t\t\t                <\/h5>\n            <\/div>\n\t\t\t            <div class=\"ube-collapsible collapse\" aria-labelledby=\"heading-3d311f069ea3f4784441\" id=\"collapse-3d311f069ea3f4784441\" data-parent=\"#accordion-3d311f0\">\n                <div class=\"card-body ube-accordion-card-body\">\n\t\t\t\t\t                        <div >\n\t\t\t\t\t\t\t<p>Nous pouvons \u00e9galement fournir des conseils et des expertises dans le domaine de<br \/>l\u2019immobilier<\/p>                        <\/div>\n\t\t\t\t\t                <\/div>\n            <\/div>\n        <\/div>\n\t<\/div>\t\t\t\t<\/div>\n\t\t\t\t<\/div>\n\t\t\t\t\t<\/div>\n\t\t<\/div>\n\t\t\t\t\t<\/div>\n\t\t<\/section>\n\t\t\t\t<\/div>","protected":false},"excerpt":{"rendered":"<p>FLEX IMMOBILIERS Nos services Repr\u00e9sentation Nous sommes responsables de la repr\u00e9sentation des int\u00e9r\u00eats des propri\u00e9taires ou des vendeurs, de la gestion des ventes et achats de propri\u00e9t\u00e9s et de la gestion de biens locatifs Vente \/ Achat Nous pouvons \u00eatre charg\u00e9e de la vente ou de l\u2019achat de biens immobiliers pour le comptedes propri\u00e9taires, acheteurs [&hellip;]<\/p>","protected":false},"author":6,"featured_media":0,"parent":0,"menu_order":0,"comment_status":"closed","ping_status":"closed","template":"","meta":{"powered_cache_disable_cache":false,"powered_cache_disable_css_optimization":false,"powered_cache_disable_js_optimization":false,"powered_cache_disable_js_defer":false,"powered_cache_disable_js_delay":false,"_glsr_average":0,"_glsr_ranking":0,"_glsr_reviews":0,"footnotes":""},"class_list":["post-6619","page","type-page","status-publish","hentry"],"_links":{"self":[{"href":"https:\/\/fleximmobf.com\/en\/wp-json\/wp\/v2\/pages\/6619","targetHints":{"allow":["GET"]}}],"collection":[{"href":"https:\/\/fleximmobf.com\/en\/wp-json\/wp\/v2\/pages"}],"about":[{"href":"https:\/\/fleximmobf.com\/en\/wp-json\/wp\/v2\/types\/page"}],"author":[{"embeddable":true,"href":"https:\/\/fleximmobf.com\/en\/wp-json\/wp\/v2\/users\/6"}],"replies":[{"embeddable":true,"href":"https:\/\/fleximmobf.com\/en\/wp-json\/wp\/v2\/comments?post=6619"}],"version-history":[{"count":5,"href":"https:\/\/fleximmobf.com\/en\/wp-json\/wp\/v2\/pages\/6619\/revisions"}],"predecessor-version":[{"id":6716,"href":"https:\/\/fleximmobf.com\/en\/wp-json\/wp\/v2\/pages\/6619\/revisions\/6716"}],"wp:attachment":[{"href":"https:\/\/fleximmobf.com\/en\/wp-json\/wp\/v2\/media?parent=6619"}],"curies":[{"name":"wp","href":"https:\/\/api.w.org\/{rel}","templated":true}]}}