{"id":6639,"date":"2023-10-02T20:53:02","date_gmt":"2023-10-02T20:53:02","guid":{"rendered":"https:\/\/fleximmobf.com\/?page_id=6639"},"modified":"2023-10-23T00:00:35","modified_gmt":"2023-10-23T00:00:35","slug":"representation","status":"publish","type":"page","link":"https:\/\/fleximmobf.com\/en\/representation\/","title":{"rendered":"Repr\u00e9sentation"},"content":{"rendered":"<div data-elementor-type=\"wp-page\" data-elementor-id=\"6639\" class=\"elementor elementor-6639\" data-elementor-post-type=\"page\">\n\t\t\t\t\t\t<section class=\"elementor-section elementor-top-section elementor-element elementor-element-6535b32e93b2e elementor-section-boxed elementor-section-height-default elementor-section-height-default\" data-id=\"6535b32e93b2e\" data-element_type=\"section\">\n\t\t\t\t\t\t<div class=\"elementor-container elementor-column-gap-default\">\n\t\t\t\t\t<div class=\"elementor-column elementor-col-100 elementor-top-column elementor-element elementor-element-ef16ab7\" data-id=\"ef16ab7\" data-element_type=\"column\">\n\t\t\t<div class=\"elementor-widget-wrap elementor-element-populated\">\n\t\t\t\t\t\t<div class=\"elementor-element elementor-element-e147482 g5plus-heading style1 text-center elementor-widget elementor-widget-ube-heading\" data-id=\"e147482\" data-element_type=\"widget\" data-widget_type=\"ube-heading.default\">\n\t\t\t\t<div class=\"elementor-widget-container\">\n\t\t\t\t\t<div class=\"ube-heading\">\n\t<h6 class=\"ube-heading-sub-title\" ><span><\/span>\n<\/h6><h2 class=\"ube-heading-title\">Repr\u00e9sentation<\/h2><div class=\"ube-heading-description\"><p>Nous sommes responsables de la repr\u00e9sentation des int\u00e9r\u00eats des propri\u00e9taires ou des <br \/>vendeurs, de la gestion des ventes et achats de propri\u00e9t\u00e9s et de la gestion de biens locatifs<\/p><\/div><\/div>\t\t\t\t<\/div>\n\t\t\t\t<\/div>\n\t\t\t\t<div class=\"elementor-element elementor-element-6307668 elementor-widget elementor-widget-ube-accordion\" data-id=\"6307668\" data-element_type=\"widget\" data-widget_type=\"ube-accordion.default\">\n\t\t\t\t<div class=\"elementor-widget-container\">\n\t\t\t\t\t<div class=\"ube-accordion accordion\" id=\"accordion-6307668\">\n\t        <div class=\"card ube-accordion-card ube-accordion-separate active\">\n            <div class=\"card-header ube-accordion-card-header\" id=\"heading-630766869ea3f4779423\">\n                <h5 class=\"ube-accordion-link m-0 d-flex align-items-center collapsed\" data-toggle=\"collapse\" data-target=\"#collapse-630766869ea3f4779423\" aria-expanded=\"true\" aria-controls=\"collapse-630766869ea3f4779423\">\n\t\t\t\t\t                        <span class=\"ube-accordion-icon left-icon\">\n                                     \t                                     <i class=\"fas fa-plus\"><\/i>                                                                     <\/span>\n\t\t\t\t\t\t\t\t\t\t                    <span >Repr\u00e9sentons les propri\u00e9taires<\/span>\n\t\t\t\t\t                <\/h5>\n            <\/div>\n\t\t\t            <div class=\"ube-collapsible collapse show\" aria-labelledby=\"heading-630766869ea3f4779423\" id=\"collapse-630766869ea3f4779423\" data-parent=\"#accordion-6307668\">\n                <div class=\"card-body ube-accordion-card-body\">\n\t\t\t\t\t                        <div >\n\t\t\t\t\t\t\t<p>Nous repr\u00e9sentons les propri\u00e9taires lors de la vente ou de la location d\u2019une <br \/>propri\u00e9t\u00e9 (terrain, maison, immeuble, etc.) ;<\/p>                        <\/div>\n\t\t\t\t\t                <\/div>\n            <\/div>\n        <\/div>\n\t        <div class=\"card ube-accordion-card ube-accordion-separate\">\n            <div class=\"card-header ube-accordion-card-header\" id=\"heading-630766869ea3f4779a03\">\n                <h5 class=\"ube-accordion-link m-0 d-flex align-items-center collapsed\" data-toggle=\"collapse\" data-target=\"#collapse-630766869ea3f4779a03\" aria-expanded=\"false\" aria-controls=\"collapse-630766869ea3f4779a03\">\n\t\t\t\t\t                        <span class=\"ube-accordion-icon left-icon\">\n                                     \t                                     <i class=\"fas fa-plus\"><\/i>                                                                     <\/span>\n\t\t\t\t\t\t\t\t\t\t                    <span >Nous nous occupons de toutes les formalit\u00e9s n\u00e9cessaires&#8230;<\/span>\n\t\t\t\t\t                <\/h5>\n            <\/div>\n\t\t\t            <div class=\"ube-collapsible collapse\" aria-labelledby=\"heading-630766869ea3f4779a03\" id=\"collapse-630766869ea3f4779a03\" data-parent=\"#accordion-6307668\">\n                <div class=\"card-body ube-accordion-card-body\">\n\t\t\t\t\t                        <div >\n\t\t\t\t\t\t\t<p>Nous nous occupons de toutes les formalit\u00e9s n\u00e9cessaires, telles que la publicit\u00e9, les <br \/>visites, les n\u00e9gociations et la r\u00e9daction des contrats ;<\/p>                        <\/div>\n\t\t\t\t\t                <\/div>\n            <\/div>\n        <\/div>\n\t        <div class=\"card ube-accordion-card ube-accordion-separate\">\n            <div class=\"card-header ube-accordion-card-header\" id=\"heading-630766869ea3f4779b46\">\n                <h5 class=\"ube-accordion-link m-0 d-flex align-items-center collapsed\" data-toggle=\"collapse\" data-target=\"#collapse-630766869ea3f4779b46\" aria-expanded=\"false\" aria-controls=\"collapse-630766869ea3f4779b46\">\n\t\t\t\t\t                        <span class=\"ube-accordion-icon left-icon\">\n                                     \t                                     <i class=\"fas fa-plus\"><\/i>                                                                     <\/span>\n\t\t\t\t\t\t\t\t\t\t                    <span >Gestion des propri\u00e9t\u00e9s locatives<\/span>\n\t\t\t\t\t                <\/h5>\n            <\/div>\n\t\t\t            <div class=\"ube-collapsible collapse\" aria-labelledby=\"heading-630766869ea3f4779b46\" id=\"collapse-630766869ea3f4779b46\" data-parent=\"#accordion-6307668\">\n                <div class=\"card-body ube-accordion-card-body\">\n\t\t\t\t\t                        <div >\n\t\t\t\t\t\t\t<p>Nous nous occupons de la gestion des propri\u00e9t\u00e9s locatives, questions li\u00e9es aux <br \/>locataire, telle que les r\u00e9parations, les paiements, les contrats, etc.<\/p>                        <\/div>\n\t\t\t\t\t                <\/div>\n            <\/div>\n        <\/div>\n\t        <div class=\"card ube-accordion-card ube-accordion-separate\">\n            <div class=\"card-header ube-accordion-card-header\" id=\"heading-630766869ea3f4779c45\">\n                <h5 class=\"ube-accordion-link m-0 d-flex align-items-center collapsed\" data-toggle=\"collapse\" data-target=\"#collapse-630766869ea3f4779c45\" aria-expanded=\"false\" aria-controls=\"collapse-630766869ea3f4779c45\">\n\t\t\t\t\t                        <span class=\"ube-accordion-icon left-icon\">\n                                     \t                                     <i class=\"fas fa-plus\"><\/i>                                                                     <\/span>\n\t\t\t\t\t\t\t\t\t\t                    <span >Interm\u00e9diaire entre les propri\u00e9taires et les acheteurs<\/span>\n\t\t\t\t\t                <\/h5>\n            <\/div>\n\t\t\t            <div class=\"ube-collapsible collapse\" aria-labelledby=\"heading-630766869ea3f4779c45\" id=\"collapse-630766869ea3f4779c45\" data-parent=\"#accordion-6307668\">\n                <div class=\"card-body ube-accordion-card-body\">\n\t\t\t\t\t                        <div >\n\t\t\t\t\t\t\t<p>Nous agissons en tant qu\u2019interm\u00e9diaire entre les propri\u00e9taires et les acheteurs ou <br \/>locataires potentiels ;<\/p>                        <\/div>\n\t\t\t\t\t                <\/div>\n            <\/div>\n        <\/div>\n\t        <div class=\"card ube-accordion-card ube-accordion-separate\">\n            <div class=\"card-header ube-accordion-card-header\" id=\"heading-630766869ea3f4779f05\">\n                <h5 class=\"ube-accordion-link m-0 d-flex align-items-center collapsed\" data-toggle=\"collapse\" data-target=\"#collapse-630766869ea3f4779f05\" aria-expanded=\"false\" aria-controls=\"collapse-630766869ea3f4779f05\">\n\t\t\t\t\t                        <span class=\"ube-accordion-icon left-icon\">\n                                     \t                                     <i class=\"fas fa-plus\"><\/i>                                                                     <\/span>\n\t\t\t\t\t\t\t\t\t\t                    <span >Promotion des biens immobiliers<\/span>\n\t\t\t\t\t                <\/h5>\n            <\/div>\n\t\t\t            <div class=\"ube-collapsible collapse\" aria-labelledby=\"heading-630766869ea3f4779f05\" id=\"collapse-630766869ea3f4779f05\" data-parent=\"#accordion-6307668\">\n                <div class=\"card-body ube-accordion-card-body\">\n\t\t\t\t\t                        <div >\n\t\t\t\t\t\t\t<p>Nous nous occupons de la promotion des biens immobiliers, de la n\u00e9gociation des <br \/>prix, de la Gestion des visites et de la conclusion des contrats \u2026<\/p>                        <\/div>\n\t\t\t\t\t                <\/div>\n            <\/div>\n        <\/div>\n\t<\/div>\t\t\t\t<\/div>\n\t\t\t\t<\/div>\n\t\t\t\t\t<\/div>\n\t\t<\/div>\n\t\t\t\t\t<\/div>\n\t\t<\/section>\n\t\t\t\t<\/div>","protected":false},"excerpt":{"rendered":"<p>Repr\u00e9sentation Nous sommes responsables de la repr\u00e9sentation des int\u00e9r\u00eats des propri\u00e9taires ou des vendeurs, de la gestion des ventes et achats de propri\u00e9t\u00e9s et de la gestion de biens locatifs Repr\u00e9sentons les propri\u00e9taires Nous repr\u00e9sentons les propri\u00e9taires lors de la vente ou de la location d\u2019une propri\u00e9t\u00e9 (terrain, maison, immeuble, etc.) ; Nous nous occupons [&hellip;]<\/p>","protected":false},"author":6,"featured_media":0,"parent":0,"menu_order":0,"comment_status":"closed","ping_status":"closed","template":"","meta":{"powered_cache_disable_cache":false,"powered_cache_disable_css_optimization":false,"powered_cache_disable_js_optimization":false,"powered_cache_disable_js_defer":false,"powered_cache_disable_js_delay":false,"_glsr_average":0,"_glsr_ranking":0,"_glsr_reviews":0,"footnotes":""},"class_list":["post-6639","page","type-page","status-publish","hentry"],"_links":{"self":[{"href":"https:\/\/fleximmobf.com\/en\/wp-json\/wp\/v2\/pages\/6639","targetHints":{"allow":["GET"]}}],"collection":[{"href":"https:\/\/fleximmobf.com\/en\/wp-json\/wp\/v2\/pages"}],"about":[{"href":"https:\/\/fleximmobf.com\/en\/wp-json\/wp\/v2\/types\/page"}],"author":[{"embeddable":true,"href":"https:\/\/fleximmobf.com\/en\/wp-json\/wp\/v2\/users\/6"}],"replies":[{"embeddable":true,"href":"https:\/\/fleximmobf.com\/en\/wp-json\/wp\/v2\/comments?post=6639"}],"version-history":[{"count":5,"href":"https:\/\/fleximmobf.com\/en\/wp-json\/wp\/v2\/pages\/6639\/revisions"}],"predecessor-version":[{"id":6685,"href":"https:\/\/fleximmobf.com\/en\/wp-json\/wp\/v2\/pages\/6639\/revisions\/6685"}],"wp:attachment":[{"href":"https:\/\/fleximmobf.com\/en\/wp-json\/wp\/v2\/media?parent=6639"}],"curies":[{"name":"wp","href":"https:\/\/api.w.org\/{rel}","templated":true}]}}