{"id":6641,"date":"2023-10-02T20:55:00","date_gmt":"2023-10-02T20:55:00","guid":{"rendered":"https:\/\/fleximmobf.com\/?page_id=6641"},"modified":"2023-10-23T00:06:07","modified_gmt":"2023-10-23T00:06:07","slug":"vente-achat","status":"publish","type":"page","link":"https:\/\/fleximmobf.com\/en\/vente-achat\/","title":{"rendered":"Vente-Achat"},"content":{"rendered":"<div data-elementor-type=\"wp-page\" data-elementor-id=\"6641\" class=\"elementor elementor-6641\" data-elementor-post-type=\"page\">\n\t\t\t\t\t\t<section class=\"elementor-section elementor-top-section elementor-element elementor-element-2e72640 elementor-section-boxed elementor-section-height-default elementor-section-height-default\" data-id=\"2e72640\" data-element_type=\"section\">\n\t\t\t\t\t\t<div class=\"elementor-container elementor-column-gap-default\">\n\t\t\t\t\t<div class=\"elementor-column elementor-col-100 elementor-top-column elementor-element elementor-element-f79ea1b\" data-id=\"f79ea1b\" data-element_type=\"column\">\n\t\t\t<div class=\"elementor-widget-wrap elementor-element-populated\">\n\t\t\t\t\t\t<div class=\"elementor-element elementor-element-562ff11 g5plus-heading style1 text-center elementor-widget elementor-widget-ube-heading\" data-id=\"562ff11\" data-element_type=\"widget\" data-widget_type=\"ube-heading.default\">\n\t\t\t\t<div class=\"elementor-widget-container\">\n\t\t\t\t\t<div class=\"ube-heading\">\n\t<h6 class=\"ube-heading-sub-title\" ><span><\/span>\n<\/h6><h2 class=\"ube-heading-title\">Vente \/ Achat<\/h2><div class=\"ube-heading-description\"><p>Nous pouvons \u00eatre charg\u00e9e de la vente ou de l\u2019achat de biens immobiliers pour le compte <br \/>des propri\u00e9taires, acheteurs et vendeurs. vendeurs, de la gestion des ventes et achats de propri\u00e9t\u00e9s et de la gestion de biens locatifs<\/p><\/div><\/div>\t\t\t\t<\/div>\n\t\t\t\t<\/div>\n\t\t\t\t<div class=\"elementor-element elementor-element-b0243c9 elementor-widget elementor-widget-ube-accordion\" data-id=\"b0243c9\" data-element_type=\"widget\" data-widget_type=\"ube-accordion.default\">\n\t\t\t\t<div class=\"elementor-widget-container\">\n\t\t\t\t\t<div class=\"ube-accordion accordion\" id=\"accordion-b0243c9\">\n\t        <div class=\"card ube-accordion-card ube-accordion-separate active\">\n            <div class=\"card-header ube-accordion-card-header\" id=\"heading-b0243c969ea311d4da08\">\n                <h5 class=\"ube-accordion-link m-0 d-flex align-items-center collapsed\" data-toggle=\"collapse\" data-target=\"#collapse-b0243c969ea311d4da08\" aria-expanded=\"true\" aria-controls=\"collapse-b0243c969ea311d4da08\">\n\t\t\t\t\t                        <span class=\"ube-accordion-icon left-icon\">\n                                     \t                                     <i class=\"fas fa-plus\"><\/i>                                                                     <\/span>\n\t\t\t\t\t\t\t\t\t\t                    <span >Fixation du prix de vente<\/span>\n\t\t\t\t\t                <\/h5>\n            <\/div>\n\t\t\t            <div class=\"ube-collapsible collapse show\" aria-labelledby=\"heading-b0243c969ea311d4da08\" id=\"collapse-b0243c969ea311d4da08\" data-parent=\"#accordion-b0243c9\">\n                <div class=\"card-body ube-accordion-card-body\">\n\t\t\t\t\t                        <div >\n\t\t\t\t\t\t\t                        <\/div>\n\t\t\t\t\t                <\/div>\n            <\/div>\n        <\/div>\n\t        <div class=\"card ube-accordion-card ube-accordion-separate\">\n            <div class=\"card-header ube-accordion-card-header\" id=\"heading-b0243c969ea311d4df79\">\n                <h5 class=\"ube-accordion-link m-0 d-flex align-items-center collapsed\" data-toggle=\"collapse\" data-target=\"#collapse-b0243c969ea311d4df79\" aria-expanded=\"false\" aria-controls=\"collapse-b0243c969ea311d4df79\">\n\t\t\t\t\t                        <span class=\"ube-accordion-icon left-icon\">\n                                     \t                                     <i class=\"fas fa-plus\"><\/i>                                                                     <\/span>\n\t\t\t\t\t\t\t\t\t\t                    <span >Pr\u00e9paration des documents n\u00e9cessaires<\/span>\n\t\t\t\t\t                <\/h5>\n            <\/div>\n\t\t\t            <div class=\"ube-collapsible collapse\" aria-labelledby=\"heading-b0243c969ea311d4df79\" id=\"collapse-b0243c969ea311d4df79\" data-parent=\"#accordion-b0243c9\">\n                <div class=\"card-body ube-accordion-card-body\">\n\t\t\t\t\t                        <div >\n\t\t\t\t\t\t\t                        <\/div>\n\t\t\t\t\t                <\/div>\n            <\/div>\n        <\/div>\n\t        <div class=\"card ube-accordion-card ube-accordion-separate\">\n            <div class=\"card-header ube-accordion-card-header\" id=\"heading-b0243c969ea311d4e0b6\">\n                <h5 class=\"ube-accordion-link m-0 d-flex align-items-center collapsed\" data-toggle=\"collapse\" data-target=\"#collapse-b0243c969ea311d4e0b6\" aria-expanded=\"false\" aria-controls=\"collapse-b0243c969ea311d4e0b6\">\n\t\t\t\t\t                        <span class=\"ube-accordion-icon left-icon\">\n                                     \t                                     <i class=\"fas fa-plus\"><\/i>                                                                     <\/span>\n\t\t\t\t\t\t\t\t\t\t                    <span >Commercialisation du bien<\/span>\n\t\t\t\t\t                <\/h5>\n            <\/div>\n\t\t\t            <div class=\"ube-collapsible collapse\" aria-labelledby=\"heading-b0243c969ea311d4e0b6\" id=\"collapse-b0243c969ea311d4e0b6\" data-parent=\"#accordion-b0243c9\">\n                <div class=\"card-body ube-accordion-card-body\">\n\t\t\t\t\t                        <div >\n\t\t\t\t\t\t\t                        <\/div>\n\t\t\t\t\t                <\/div>\n            <\/div>\n        <\/div>\n\t        <div class=\"card ube-accordion-card ube-accordion-separate\">\n            <div class=\"card-header ube-accordion-card-header\" id=\"heading-b0243c969ea311d4e1db\">\n                <h5 class=\"ube-accordion-link m-0 d-flex align-items-center collapsed\" data-toggle=\"collapse\" data-target=\"#collapse-b0243c969ea311d4e1db\" aria-expanded=\"false\" aria-controls=\"collapse-b0243c969ea311d4e1db\">\n\t\t\t\t\t                        <span class=\"ube-accordion-icon left-icon\">\n                                     \t                                     <i class=\"fas fa-plus\"><\/i>                                                                     <\/span>\n\t\t\t\t\t\t\t\t\t\t                    <span >Recherche d\u2019acheteurs potentiels<\/span>\n\t\t\t\t\t                <\/h5>\n            <\/div>\n\t\t\t            <div class=\"ube-collapsible collapse\" aria-labelledby=\"heading-b0243c969ea311d4e1db\" id=\"collapse-b0243c969ea311d4e1db\" data-parent=\"#accordion-b0243c9\">\n                <div class=\"card-body ube-accordion-card-body\">\n\t\t\t\t\t                        <div >\n\t\t\t\t\t\t\t                        <\/div>\n\t\t\t\t\t                <\/div>\n            <\/div>\n        <\/div>\n\t        <div class=\"card ube-accordion-card ube-accordion-separate\">\n            <div class=\"card-header ube-accordion-card-header\" id=\"heading-b0243c969ea311d4e2eb\">\n                <h5 class=\"ube-accordion-link m-0 d-flex align-items-center collapsed\" data-toggle=\"collapse\" data-target=\"#collapse-b0243c969ea311d4e2eb\" aria-expanded=\"false\" aria-controls=\"collapse-b0243c969ea311d4e2eb\">\n\t\t\t\t\t                        <span class=\"ube-accordion-icon left-icon\">\n                                     \t                                     <i class=\"fas fa-plus\"><\/i>                                                                     <\/span>\n\t\t\t\t\t\t\t\t\t\t                    <span >Gestion des visites<\/span>\n\t\t\t\t\t                <\/h5>\n            <\/div>\n\t\t\t            <div class=\"ube-collapsible collapse\" aria-labelledby=\"heading-b0243c969ea311d4e2eb\" id=\"collapse-b0243c969ea311d4e2eb\" data-parent=\"#accordion-b0243c9\">\n                <div class=\"card-body ube-accordion-card-body\">\n\t\t\t\t\t                        <div >\n\t\t\t\t\t\t\t                        <\/div>\n\t\t\t\t\t                <\/div>\n            <\/div>\n        <\/div>\n\t        <div class=\"card ube-accordion-card ube-accordion-separate\">\n            <div class=\"card-header ube-accordion-card-header\" id=\"heading-b0243c969ea311d4e3e6\">\n                <h5 class=\"ube-accordion-link m-0 d-flex align-items-center collapsed\" data-toggle=\"collapse\" data-target=\"#collapse-b0243c969ea311d4e3e6\" aria-expanded=\"false\" aria-controls=\"collapse-b0243c969ea311d4e3e6\">\n\t\t\t\t\t                        <span class=\"ube-accordion-icon left-icon\">\n                                     \t                                     <i class=\"fas fa-plus\"><\/i>                                                                     <\/span>\n\t\t\t\t\t\t\t\t\t\t                    <span >Cl\u00f4ture de la transaction\u2026<\/span>\n\t\t\t\t\t                <\/h5>\n            <\/div>\n\t\t\t            <div class=\"ube-collapsible collapse\" aria-labelledby=\"heading-b0243c969ea311d4e3e6\" id=\"collapse-b0243c969ea311d4e3e6\" data-parent=\"#accordion-b0243c9\">\n                <div class=\"card-body ube-accordion-card-body\">\n\t\t\t\t\t                        <div >\n\t\t\t\t\t\t\t                        <\/div>\n\t\t\t\t\t                <\/div>\n            <\/div>\n        <\/div>\n\t<\/div>\t\t\t\t<\/div>\n\t\t\t\t<\/div>\n\t\t\t\t\t<\/div>\n\t\t<\/div>\n\t\t\t\t\t<\/div>\n\t\t<\/section>\n\t\t\t\t<\/div>","protected":false},"excerpt":{"rendered":"<p>Vente \/ Achat Nous pouvons \u00eatre charg\u00e9e de la vente ou de l\u2019achat de biens immobiliers pour le compte des propri\u00e9taires, acheteurs et vendeurs. vendeurs, de la gestion des ventes et achats de propri\u00e9t\u00e9s et de la gestion de biens locatifs Fixation du prix de vente Pr\u00e9paration des documents n\u00e9cessaires Commercialisation du bien Recherche d\u2019acheteurs [&hellip;]<\/p>","protected":false},"author":6,"featured_media":0,"parent":0,"menu_order":0,"comment_status":"closed","ping_status":"closed","template":"","meta":{"powered_cache_disable_cache":false,"powered_cache_disable_css_optimization":false,"powered_cache_disable_js_optimization":false,"powered_cache_disable_js_defer":false,"powered_cache_disable_js_delay":false,"_glsr_average":0,"_glsr_ranking":0,"_glsr_reviews":0,"footnotes":""},"class_list":["post-6641","page","type-page","status-publish","hentry"],"_links":{"self":[{"href":"https:\/\/fleximmobf.com\/en\/wp-json\/wp\/v2\/pages\/6641","targetHints":{"allow":["GET"]}}],"collection":[{"href":"https:\/\/fleximmobf.com\/en\/wp-json\/wp\/v2\/pages"}],"about":[{"href":"https:\/\/fleximmobf.com\/en\/wp-json\/wp\/v2\/types\/page"}],"author":[{"embeddable":true,"href":"https:\/\/fleximmobf.com\/en\/wp-json\/wp\/v2\/users\/6"}],"replies":[{"embeddable":true,"href":"https:\/\/fleximmobf.com\/en\/wp-json\/wp\/v2\/comments?post=6641"}],"version-history":[{"count":5,"href":"https:\/\/fleximmobf.com\/en\/wp-json\/wp\/v2\/pages\/6641\/revisions"}],"predecessor-version":[{"id":6694,"href":"https:\/\/fleximmobf.com\/en\/wp-json\/wp\/v2\/pages\/6641\/revisions\/6694"}],"wp:attachment":[{"href":"https:\/\/fleximmobf.com\/en\/wp-json\/wp\/v2\/media?parent=6641"}],"curies":[{"name":"wp","href":"https:\/\/api.w.org\/{rel}","templated":true}]}}