{"id":6645,"date":"2023-10-02T20:56:40","date_gmt":"2023-10-02T20:56:40","guid":{"rendered":"https:\/\/fleximmobf.com\/?page_id=6645"},"modified":"2023-10-23T00:18:55","modified_gmt":"2023-10-23T00:18:55","slug":"conseil-et-expertise","status":"publish","type":"page","link":"https:\/\/fleximmobf.com\/en\/conseil-et-expertise\/","title":{"rendered":"Conseil et expertise"},"content":{"rendered":"<div data-elementor-type=\"wp-page\" data-elementor-id=\"6645\" class=\"elementor elementor-6645\" data-elementor-post-type=\"page\">\n\t\t\t\t\t\t<section class=\"elementor-section elementor-top-section elementor-element elementor-element-bbd803f elementor-section-boxed elementor-section-height-default elementor-section-height-default\" data-id=\"bbd803f\" data-element_type=\"section\">\n\t\t\t\t\t\t<div class=\"elementor-container elementor-column-gap-default\">\n\t\t\t\t\t<div class=\"elementor-column elementor-col-100 elementor-top-column elementor-element elementor-element-2b925fd\" data-id=\"2b925fd\" data-element_type=\"column\">\n\t\t\t<div class=\"elementor-widget-wrap elementor-element-populated\">\n\t\t\t\t\t\t<div class=\"elementor-element elementor-element-b24b344 g5plus-heading style1 text-center elementor-widget elementor-widget-ube-heading\" data-id=\"b24b344\" data-element_type=\"widget\" data-widget_type=\"ube-heading.default\">\n\t\t\t\t<div class=\"elementor-widget-container\">\n\t\t\t\t\t<div class=\"ube-heading\">\n\t<h6 class=\"ube-heading-sub-title\" ><span><\/span>\n<\/h6><h2 class=\"ube-heading-title\">Conseil et expertise<\/h2><div class=\"ube-heading-description\"><p>Nous pouvons \u00e9galement fournir des conseils et des expertises dans le domaine de <br \/>l\u2019immobilier<\/p><\/div><\/div>\t\t\t\t<\/div>\n\t\t\t\t<\/div>\n\t\t\t\t<div class=\"elementor-element elementor-element-0cb89b2 elementor-widget elementor-widget-ube-accordion\" data-id=\"0cb89b2\" data-element_type=\"widget\" data-widget_type=\"ube-accordion.default\">\n\t\t\t\t<div class=\"elementor-widget-container\">\n\t\t\t\t\t<div class=\"ube-accordion accordion\" id=\"accordion-0cb89b2\">\n\t        <div class=\"card ube-accordion-card ube-accordion-separate active\">\n            <div class=\"card-header ube-accordion-card-header\" id=\"heading-0cb89b269ea585285750\">\n                <h5 class=\"ube-accordion-link m-0 d-flex align-items-center collapsed\" data-toggle=\"collapse\" data-target=\"#collapse-0cb89b269ea585285750\" aria-expanded=\"true\" aria-controls=\"collapse-0cb89b269ea585285750\">\n\t\t\t\t\t                        <span class=\"ube-accordion-icon left-icon\">\n                                     \t                                     <i class=\"fas fa-plus\"><\/i>                                                                     <\/span>\n\t\t\t\t\t\t\t\t\t\t                    <span >Conseils sur les investissements immobiliers<\/span>\n\t\t\t\t\t                <\/h5>\n            <\/div>\n\t\t\t            <div class=\"ube-collapsible collapse show\" aria-labelledby=\"heading-0cb89b269ea585285750\" id=\"collapse-0cb89b269ea585285750\" data-parent=\"#accordion-0cb89b2\">\n                <div class=\"card-body ube-accordion-card-body\">\n\t\t\t\t\t                        <div >\n\t\t\t\t\t\t\t                        <\/div>\n\t\t\t\t\t                <\/div>\n            <\/div>\n        <\/div>\n\t        <div class=\"card ube-accordion-card ube-accordion-separate\">\n            <div class=\"card-header ube-accordion-card-header\" id=\"heading-0cb89b269ea585285a04\">\n                <h5 class=\"ube-accordion-link m-0 d-flex align-items-center collapsed\" data-toggle=\"collapse\" data-target=\"#collapse-0cb89b269ea585285a04\" aria-expanded=\"false\" aria-controls=\"collapse-0cb89b269ea585285a04\">\n\t\t\t\t\t                        <span class=\"ube-accordion-icon left-icon\">\n                                     \t                                     <i class=\"fas fa-plus\"><\/i>                                                                     <\/span>\n\t\t\t\t\t\t\t\t\t\t                    <span >Evaluation des biens<\/span>\n\t\t\t\t\t                <\/h5>\n            <\/div>\n\t\t\t            <div class=\"ube-collapsible collapse\" aria-labelledby=\"heading-0cb89b269ea585285a04\" id=\"collapse-0cb89b269ea585285a04\" data-parent=\"#accordion-0cb89b2\">\n                <div class=\"card-body ube-accordion-card-body\">\n\t\t\t\t\t                        <div >\n\t\t\t\t\t\t\t                        <\/div>\n\t\t\t\t\t                <\/div>\n            <\/div>\n        <\/div>\n\t        <div class=\"card ube-accordion-card ube-accordion-separate\">\n            <div class=\"card-header ube-accordion-card-header\" id=\"heading-0cb89b269ea585285b44\">\n                <h5 class=\"ube-accordion-link m-0 d-flex align-items-center collapsed\" data-toggle=\"collapse\" data-target=\"#collapse-0cb89b269ea585285b44\" aria-expanded=\"false\" aria-controls=\"collapse-0cb89b269ea585285b44\">\n\t\t\t\t\t                        <span class=\"ube-accordion-icon left-icon\">\n                                     \t                                     <i class=\"fas fa-plus\"><\/i>                                                                     <\/span>\n\t\t\t\t\t\t\t\t\t\t                    <span >Planification financi\u00e8re<\/span>\n\t\t\t\t\t                <\/h5>\n            <\/div>\n\t\t\t            <div class=\"ube-collapsible collapse\" aria-labelledby=\"heading-0cb89b269ea585285b44\" id=\"collapse-0cb89b269ea585285b44\" data-parent=\"#accordion-0cb89b2\">\n                <div class=\"card-body ube-accordion-card-body\">\n\t\t\t\t\t                        <div >\n\t\t\t\t\t\t\t                        <\/div>\n\t\t\t\t\t                <\/div>\n            <\/div>\n        <\/div>\n\t        <div class=\"card ube-accordion-card ube-accordion-separate\">\n            <div class=\"card-header ube-accordion-card-header\" id=\"heading-0cb89b269ea585285d6e\">\n                <h5 class=\"ube-accordion-link m-0 d-flex align-items-center collapsed\" data-toggle=\"collapse\" data-target=\"#collapse-0cb89b269ea585285d6e\" aria-expanded=\"false\" aria-controls=\"collapse-0cb89b269ea585285d6e\">\n\t\t\t\t\t                        <span class=\"ube-accordion-icon left-icon\">\n                                     \t                                     <i class=\"fas fa-plus\"><\/i>                                                                     <\/span>\n\t\t\t\t\t\t\t\t\t\t                    <span >R\u00e8glementations et les lois immobili\u00e8res<\/span>\n\t\t\t\t\t                <\/h5>\n            <\/div>\n\t\t\t            <div class=\"ube-collapsible collapse\" aria-labelledby=\"heading-0cb89b269ea585285d6e\" id=\"collapse-0cb89b269ea585285d6e\" data-parent=\"#accordion-0cb89b2\">\n                <div class=\"card-body ube-accordion-card-body\">\n\t\t\t\t\t                        <div >\n\t\t\t\t\t\t\t                        <\/div>\n\t\t\t\t\t                <\/div>\n            <\/div>\n        <\/div>\n\t        <div class=\"card ube-accordion-card ube-accordion-separate\">\n            <div class=\"card-header ube-accordion-card-header\" id=\"heading-0cb89b269ea585285eef\">\n                <h5 class=\"ube-accordion-link m-0 d-flex align-items-center collapsed\" data-toggle=\"collapse\" data-target=\"#collapse-0cb89b269ea585285eef\" aria-expanded=\"false\" aria-controls=\"collapse-0cb89b269ea585285eef\">\n\t\t\t\t\t                        <span class=\"ube-accordion-icon left-icon\">\n                                     \t                                     <i class=\"fas fa-plus\"><\/i>                                                                     <\/span>\n\t\t\t\t\t\t\t\t\t\t                    <span >Tendances du march\u00e9\u2026<\/span>\n\t\t\t\t\t                <\/h5>\n            <\/div>\n\t\t\t            <div class=\"ube-collapsible collapse\" aria-labelledby=\"heading-0cb89b269ea585285eef\" id=\"collapse-0cb89b269ea585285eef\" data-parent=\"#accordion-0cb89b2\">\n                <div class=\"card-body ube-accordion-card-body\">\n\t\t\t\t\t                        <div >\n\t\t\t\t\t\t\t                        <\/div>\n\t\t\t\t\t                <\/div>\n            <\/div>\n        <\/div>\n\t<\/div>\t\t\t\t<\/div>\n\t\t\t\t<\/div>\n\t\t\t\t\t<\/div>\n\t\t<\/div>\n\t\t\t\t\t<\/div>\n\t\t<\/section>\n\t\t\t\t<\/div>","protected":false},"excerpt":{"rendered":"<p>Conseil et expertise Nous pouvons \u00e9galement fournir des conseils et des expertises dans le domaine de l\u2019immobilier Conseils sur les investissements immobiliers Evaluation des biens Planification financi\u00e8re R\u00e8glementations et les lois immobili\u00e8res Tendances du march\u00e9\u2026<\/p>","protected":false},"author":6,"featured_media":0,"parent":0,"menu_order":0,"comment_status":"closed","ping_status":"closed","template":"","meta":{"powered_cache_disable_cache":false,"powered_cache_disable_css_optimization":false,"powered_cache_disable_js_optimization":false,"powered_cache_disable_js_defer":false,"powered_cache_disable_js_delay":false,"_glsr_average":0,"_glsr_ranking":0,"_glsr_reviews":0,"footnotes":""},"class_list":["post-6645","page","type-page","status-publish","hentry"],"_links":{"self":[{"href":"https:\/\/fleximmobf.com\/en\/wp-json\/wp\/v2\/pages\/6645","targetHints":{"allow":["GET"]}}],"collection":[{"href":"https:\/\/fleximmobf.com\/en\/wp-json\/wp\/v2\/pages"}],"about":[{"href":"https:\/\/fleximmobf.com\/en\/wp-json\/wp\/v2\/types\/page"}],"author":[{"embeddable":true,"href":"https:\/\/fleximmobf.com\/en\/wp-json\/wp\/v2\/users\/6"}],"replies":[{"embeddable":true,"href":"https:\/\/fleximmobf.com\/en\/wp-json\/wp\/v2\/comments?post=6645"}],"version-history":[{"count":5,"href":"https:\/\/fleximmobf.com\/en\/wp-json\/wp\/v2\/pages\/6645\/revisions"}],"predecessor-version":[{"id":6703,"href":"https:\/\/fleximmobf.com\/en\/wp-json\/wp\/v2\/pages\/6645\/revisions\/6703"}],"wp:attachment":[{"href":"https:\/\/fleximmobf.com\/en\/wp-json\/wp\/v2\/media?parent=6645"}],"curies":[{"name":"wp","href":"https:\/\/api.w.org\/{rel}","templated":true}]}}